{"id":9515,"date":"2024-08-21T10:43:22","date_gmt":"2024-08-21T10:43:22","guid":{"rendered":"https:\/\/mybonnechance.de\/?page_id=9515"},"modified":"2024-08-28T07:22:00","modified_gmt":"2024-08-28T07:22:00","slug":"2024-56-roedlinsee-templin","status":"publish","type":"page","link":"https:\/\/mybonnechance.de\/?page_id=9515","title":{"rendered":"2024-56 R\u00f6dlinsee, Templin"},"content":{"rendered":"\n<p><strong>Tag 104, Samstag 17. August         Templin, Stadthafen<\/strong> <strong>&#8211; R\u00f6ddlinersee<\/strong><br>4,8 km &#8211; 1 Schleusen &#8211; 1,75 Std. Fahrzeit<br>Erstmal in aller Ruhe fr\u00fchst\u00fccken, bevor wir uns auf den Weg zum<strong> R\u00f6dderlinsee<\/strong> zum Ankern machen. Wir wollen das WE dort bleiben, auch wenn das Wetter mehr Regen als Sonne prognostiziert. An der <strong>Templinerschleuse<\/strong> liegt eine Penichette vor uns. Wir lassen die kleineren Boote vor, dann haben wir nicht so einen Stress zusammen mit der Penichette, da die Schleuse ist nur 24 Meter lang ist. Zum Gl\u00fcck schaffen wir die Strecke als Cabrio, bis auf ein paar Regentropfen, die uns erwischen.<br>Der <strong>R\u00f6dderlinsee<\/strong> ist auch am Rande mit <strong>15-16 Meter<\/strong> tief und wir hoffen, der Anker h\u00e4lt<\/p>\n\n\n\n<p><strong>Tag 105, Sonntag 18. August <\/strong><br>Anker hat gehalten, aber ich hatte wieder eine sehr unruhige Nacht. Wir haben bis 2 Uhr morgens bis hierher die Musik vom Hafenfest in Templin geh\u00f6rt. Die schlechte Wettervorhersage mit Regen und Unwetter hat sich nicht bewahrheitet. War zwar den ganzen Tag bew\u00f6lkt, aber nur ein paar Tropfen am Morgen.<\/p>\n\n\n\n\n\n<p><br><br><\/p>\n","protected":false},"excerpt":{"rendered":"<p>Tag 104, Samstag 17. August Templin, Stadthafen &#8211; R\u00f6ddlinersee4,8 km &#8211; 1 Schleusen &#8211; 1,75 Std. FahrzeitErstmal in aller Ruhe fr\u00fchst\u00fccken, bevor wir uns auf den Weg zum R\u00f6dderlinsee zum Ankern machen. Wir wollen das WE dort bleiben, auch wenn das Wetter mehr Regen als Sonne prognostiziert. An der Templinerschleuse liegt eine Penichette vor uns. &hellip; <\/p>\n<p class=\"link-more\"><a href=\"https:\/\/mybonnechance.de\/?page_id=9515\" class=\"more-link\"><span class=\"screen-reader-text\">\u201e2024-56 R\u00f6dlinsee, Templin\u201c<\/span> weiterlesen<\/a><\/p>\n","protected":false},"author":1,"featured_media":0,"parent":0,"menu_order":0,"comment_status":"closed","ping_status":"closed","template":"","meta":{"ngg_post_thumbnail":0,"footnotes":""},"class_list":["post-9515","page","type-page","status-publish","hentry"],"_links":{"self":[{"href":"https:\/\/mybonnechance.de\/index.php?rest_route=\/wp\/v2\/pages\/9515","targetHints":{"allow":["GET"]}}],"collection":[{"href":"https:\/\/mybonnechance.de\/index.php?rest_route=\/wp\/v2\/pages"}],"about":[{"href":"https:\/\/mybonnechance.de\/index.php?rest_route=\/wp\/v2\/types\/page"}],"author":[{"embeddable":true,"href":"https:\/\/mybonnechance.de\/index.php?rest_route=\/wp\/v2\/users\/1"}],"replies":[{"embeddable":true,"href":"https:\/\/mybonnechance.de\/index.php?rest_route=%2Fwp%2Fv2%2Fcomments&post=9515"}],"version-history":[{"count":2,"href":"https:\/\/mybonnechance.de\/index.php?rest_route=\/wp\/v2\/pages\/9515\/revisions"}],"predecessor-version":[{"id":9524,"href":"https:\/\/mybonnechance.de\/index.php?rest_route=\/wp\/v2\/pages\/9515\/revisions\/9524"}],"wp:attachment":[{"href":"https:\/\/mybonnechance.de\/index.php?rest_route=%2Fwp%2Fv2%2Fmedia&parent=9515"}],"curies":[{"name":"wp","href":"https:\/\/api.w.org\/{rel}","templated":true}]}}