{"id":9519,"date":"2024-08-21T10:44:40","date_gmt":"2024-08-21T10:44:40","guid":{"rendered":"https:\/\/mybonnechance.de\/?page_id=9519"},"modified":"2024-08-28T18:38:09","modified_gmt":"2024-08-28T18:38:09","slug":"2024-58-liegeplatz-schlossbruecke-charlottenburg","status":"publish","type":"page","link":"https:\/\/mybonnechance.de\/?page_id=9519","title":{"rendered":"2024-59 Liegeplatz Schlo\u00dfbr\u00fccke, Charlottenburg"},"content":{"rendered":"\n<p><strong>Tag 108, Mittwoch  21. August           Marina Havelbaude<\/strong> &#8211;<strong> Liegeplatz Schlo\u00dfbr\u00fccke Charlottenburg<\/strong><br>28 km &#8211; 1 Schleuse &#8211; 3,7 Std. Fahrzeit<br>Wieder eine sch\u00f6ne Fahrt \u00fcber die Havel, nur leider ist es bew\u00f6lkt und zwischenzeitlich sehr windig. Aber zum Gl\u00fcck kein Regen, da wir den Ger\u00e4tetr\u00e4ger \u00f6fter mal legen m\u00fcssen. Wir kommen am Neuendorfer See vorbei und dort kann man gut ankern, genauso wie am sog. Erlengrund. Da ist die Havel verbreitert und bietet ebenfalls gute Ankerm\u00f6glichkeiten<br>Wir kommen wieder an Spandau vorbei, im R\u00fccken ist der Tegeler See und wir passieren die auch wieder die Schleuse Pl\u00f6tzensee. Da ist immer noch das nette Schleusenh\u00e4usschen, inzwischen allerdings ohne W\u00e4rter.<\/p>\n\n\n\n<figure class=\"wp-block-image size-large\"><img loading=\"lazy\" decoding=\"async\" width=\"1024\" height=\"576\" src=\"https:\/\/mybonnechance.de\/wp-content\/uploads\/2024\/08\/20240821_105829-1024x576.jpg\" alt=\"\" class=\"wp-image-9569\" srcset=\"https:\/\/mybonnechance.de\/wp-content\/uploads\/2024\/08\/20240821_105829-1024x576.jpg 1024w, https:\/\/mybonnechance.de\/wp-content\/uploads\/2024\/08\/20240821_105829-300x169.jpg 300w, https:\/\/mybonnechance.de\/wp-content\/uploads\/2024\/08\/20240821_105829-768x432.jpg 768w, https:\/\/mybonnechance.de\/wp-content\/uploads\/2024\/08\/20240821_105829-1536x864.jpg 1536w, https:\/\/mybonnechance.de\/wp-content\/uploads\/2024\/08\/20240821_105829-2048x1152.jpg 2048w\" sizes=\"auto, (max-width: 767px) 89vw, (max-width: 1000px) 54vw, (max-width: 1071px) 543px, 580px\" \/><\/figure>\n\n\n\n<p>Am Liegeplatz Schlosshafen in Charlottenburg liegen wir bis zum sp\u00e4ten Nachmittag alleine. Ich kann es gar nicht glauben dass  zwischen unserem jetzigen und letzten Besuch 6 Wochen liegen. Da begann unser gro\u00dfes Berlinabenteuer und jetzt ist es schon wieder vorbei.<\/p>\n\n\n","protected":false},"excerpt":{"rendered":"<p>Tag 108, Mittwoch 21. August Marina Havelbaude &#8211; Liegeplatz Schlo\u00dfbr\u00fccke Charlottenburg28 km &#8211; 1 Schleuse &#8211; 3,7 Std. FahrzeitWieder eine sch\u00f6ne Fahrt \u00fcber die Havel, nur leider ist es bew\u00f6lkt und zwischenzeitlich sehr windig. Aber zum Gl\u00fcck kein Regen, da wir den Ger\u00e4tetr\u00e4ger \u00f6fter mal legen m\u00fcssen. Wir kommen am Neuendorfer See vorbei und dort &hellip; <\/p>\n<p class=\"link-more\"><a href=\"https:\/\/mybonnechance.de\/?page_id=9519\" class=\"more-link\"><span class=\"screen-reader-text\">\u201e2024-59 Liegeplatz Schlo\u00dfbr\u00fccke, Charlottenburg\u201c<\/span> weiterlesen<\/a><\/p>\n","protected":false},"author":1,"featured_media":0,"parent":0,"menu_order":0,"comment_status":"closed","ping_status":"closed","template":"","meta":{"ngg_post_thumbnail":0,"footnotes":""},"class_list":["post-9519","page","type-page","status-publish","hentry"],"_links":{"self":[{"href":"https:\/\/mybonnechance.de\/index.php?rest_route=\/wp\/v2\/pages\/9519","targetHints":{"allow":["GET"]}}],"collection":[{"href":"https:\/\/mybonnechance.de\/index.php?rest_route=\/wp\/v2\/pages"}],"about":[{"href":"https:\/\/mybonnechance.de\/index.php?rest_route=\/wp\/v2\/types\/page"}],"author":[{"embeddable":true,"href":"https:\/\/mybonnechance.de\/index.php?rest_route=\/wp\/v2\/users\/1"}],"replies":[{"embeddable":true,"href":"https:\/\/mybonnechance.de\/index.php?rest_route=%2Fwp%2Fv2%2Fcomments&post=9519"}],"version-history":[{"count":3,"href":"https:\/\/mybonnechance.de\/index.php?rest_route=\/wp\/v2\/pages\/9519\/revisions"}],"predecessor-version":[{"id":9570,"href":"https:\/\/mybonnechance.de\/index.php?rest_route=\/wp\/v2\/pages\/9519\/revisions\/9570"}],"wp:attachment":[{"href":"https:\/\/mybonnechance.de\/index.php?rest_route=%2Fwp%2Fv2%2Fmedia&parent=9519"}],"curies":[{"name":"wp","href":"https:\/\/api.w.org\/{rel}","templated":true}]}}