{"id":9530,"date":"2024-08-28T10:35:57","date_gmt":"2024-08-28T10:35:57","guid":{"rendered":"https:\/\/mybonnechance.de\/?page_id=9530"},"modified":"2024-08-28T18:06:02","modified_gmt":"2024-08-28T18:06:02","slug":"2024-57-zehdenick","status":"publish","type":"page","link":"https:\/\/mybonnechance.de\/?page_id=9530","title":{"rendered":"2024-57 Zehdenick"},"content":{"rendered":"\n<p><strong>Tag 106, Montag 19. August          R\u00f6ddlinersee<\/strong> <strong>&#8211; Zehdenick, Stadthafen<\/strong><br>25,6 km &#8211; 2 Schleusen &#8211; 3,5 Std. Fahrzeit<br>Es ist zwar noch k\u00fchl, 16\u00b0, aber die Sonne lugt schon um die Ecke, als wir uns wieder Cabrio bereit machen. Die Strecke durch die Templiner Gew\u00e4sser ist einfach wundersch\u00f6n, auch wenn uns gr\u00f6\u00dftenteils die Netzverbindung kippt. Das Tal der Ahnungslosen eben &#x1f60a;. Die Schleuse Kannenberg klappt problemlos nach kurzer Wartezeit. <\/p>\n\n\n\n<figure class=\"wp-block-gallery has-nested-images columns-default is-cropped wp-block-gallery-1 is-layout-flex wp-block-gallery-is-layout-flex\">\n<figure class=\"wp-block-image size-large\"><img loading=\"lazy\" decoding=\"async\" width=\"576\" height=\"1024\" data-id=\"9550\" src=\"https:\/\/mybonnechance.de\/wp-content\/uploads\/2024\/08\/20240819_093911-576x1024.jpg\" alt=\"\" class=\"wp-image-9550\" srcset=\"https:\/\/mybonnechance.de\/wp-content\/uploads\/2024\/08\/20240819_093911-576x1024.jpg 576w, https:\/\/mybonnechance.de\/wp-content\/uploads\/2024\/08\/20240819_093911-169x300.jpg 169w, https:\/\/mybonnechance.de\/wp-content\/uploads\/2024\/08\/20240819_093911-768x1365.jpg 768w, https:\/\/mybonnechance.de\/wp-content\/uploads\/2024\/08\/20240819_093911-864x1536.jpg 864w, https:\/\/mybonnechance.de\/wp-content\/uploads\/2024\/08\/20240819_093911-1152x2048.jpg 1152w, https:\/\/mybonnechance.de\/wp-content\/uploads\/2024\/08\/20240819_093911-scaled.jpg 1440w\" sizes=\"auto, (max-width: 576px) 100vw, 576px\" \/><figcaption class=\"wp-element-caption\"><strong>Schleuse Kannenberg<\/strong><\/figcaption><\/figure>\n\n\n\n<figure class=\"wp-block-image size-large\"><img loading=\"lazy\" decoding=\"async\" width=\"576\" height=\"1024\" data-id=\"9548\" src=\"https:\/\/mybonnechance.de\/wp-content\/uploads\/2024\/08\/20240819_094942-576x1024.jpg\" alt=\"\" class=\"wp-image-9548\" srcset=\"https:\/\/mybonnechance.de\/wp-content\/uploads\/2024\/08\/20240819_094942-576x1024.jpg 576w, https:\/\/mybonnechance.de\/wp-content\/uploads\/2024\/08\/20240819_094942-169x300.jpg 169w, https:\/\/mybonnechance.de\/wp-content\/uploads\/2024\/08\/20240819_094942-768x1365.jpg 768w, https:\/\/mybonnechance.de\/wp-content\/uploads\/2024\/08\/20240819_094942-864x1536.jpg 864w, https:\/\/mybonnechance.de\/wp-content\/uploads\/2024\/08\/20240819_094942-1152x2048.jpg 1152w, https:\/\/mybonnechance.de\/wp-content\/uploads\/2024\/08\/20240819_094942-scaled.jpg 1440w\" sizes=\"auto, (max-width: 576px) 100vw, 576px\" \/><\/figure>\n\n\n\n<figure class=\"wp-block-image size-large\"><img loading=\"lazy\" decoding=\"async\" width=\"576\" height=\"1024\" data-id=\"9549\" src=\"https:\/\/mybonnechance.de\/wp-content\/uploads\/2024\/08\/20240819_101746-576x1024.jpg\" alt=\"\" class=\"wp-image-9549\" srcset=\"https:\/\/mybonnechance.de\/wp-content\/uploads\/2024\/08\/20240819_101746-576x1024.jpg 576w, https:\/\/mybonnechance.de\/wp-content\/uploads\/2024\/08\/20240819_101746-169x300.jpg 169w, https:\/\/mybonnechance.de\/wp-content\/uploads\/2024\/08\/20240819_101746-768x1365.jpg 768w, https:\/\/mybonnechance.de\/wp-content\/uploads\/2024\/08\/20240819_101746-864x1536.jpg 864w, https:\/\/mybonnechance.de\/wp-content\/uploads\/2024\/08\/20240819_101746-1152x2048.jpg 1152w, https:\/\/mybonnechance.de\/wp-content\/uploads\/2024\/08\/20240819_101746-scaled.jpg 1440w\" sizes=\"auto, (max-width: 576px) 100vw, 576px\" \/><\/figure>\n<\/figure>\n\n\n\n<p>Bald sind wir wieder auf der Havel. Leider nicht abgebogen Richtung McPomm \u2013 das wird aber sicher einer der n\u00e4chsten Ziele sein.<br>Am Steg in Zehdenick liegen zwar einige Schiffe, aber es ist noch genug Platz f\u00fcr uns. <\/p>\n\n\n\n<figure class=\"wp-block-gallery has-nested-images columns-default is-cropped wp-block-gallery-2 is-layout-flex wp-block-gallery-is-layout-flex\">\n<figure class=\"wp-block-image size-large\"><img loading=\"lazy\" decoding=\"async\" width=\"576\" height=\"1024\" data-id=\"9551\" src=\"https:\/\/mybonnechance.de\/wp-content\/uploads\/2024\/08\/20240819_121031-576x1024.jpg\" alt=\"\" class=\"wp-image-9551\" srcset=\"https:\/\/mybonnechance.de\/wp-content\/uploads\/2024\/08\/20240819_121031-576x1024.jpg 576w, https:\/\/mybonnechance.de\/wp-content\/uploads\/2024\/08\/20240819_121031-169x300.jpg 169w, https:\/\/mybonnechance.de\/wp-content\/uploads\/2024\/08\/20240819_121031-768x1365.jpg 768w, https:\/\/mybonnechance.de\/wp-content\/uploads\/2024\/08\/20240819_121031-864x1536.jpg 864w, https:\/\/mybonnechance.de\/wp-content\/uploads\/2024\/08\/20240819_121031-1152x2048.jpg 1152w, https:\/\/mybonnechance.de\/wp-content\/uploads\/2024\/08\/20240819_121031-scaled.jpg 1440w\" sizes=\"auto, (max-width: 576px) 100vw, 576px\" \/><\/figure>\n\n\n\n<figure class=\"wp-block-image size-large\"><img loading=\"lazy\" decoding=\"async\" width=\"576\" height=\"1024\" data-id=\"9552\" src=\"https:\/\/mybonnechance.de\/wp-content\/uploads\/2024\/08\/20240819_121036-576x1024.jpg\" alt=\"\" class=\"wp-image-9552\" srcset=\"https:\/\/mybonnechance.de\/wp-content\/uploads\/2024\/08\/20240819_121036-576x1024.jpg 576w, https:\/\/mybonnechance.de\/wp-content\/uploads\/2024\/08\/20240819_121036-169x300.jpg 169w, https:\/\/mybonnechance.de\/wp-content\/uploads\/2024\/08\/20240819_121036-768x1365.jpg 768w, https:\/\/mybonnechance.de\/wp-content\/uploads\/2024\/08\/20240819_121036-864x1536.jpg 864w, https:\/\/mybonnechance.de\/wp-content\/uploads\/2024\/08\/20240819_121036-1152x2048.jpg 1152w, https:\/\/mybonnechance.de\/wp-content\/uploads\/2024\/08\/20240819_121036-scaled.jpg 1440w\" sizes=\"auto, (max-width: 576px) 100vw, 576px\" \/><\/figure>\n<\/figure>\n\n\n\n<p class=\"has-vivid-red-color has-text-color has-link-color wp-elements-ea3515a6c3027ce7083b76bc2b12d974\"><strong><em>Hafengeb\u00fchr:  2.- p.M. + 2.- p,P. ,  4.- Strom,  1.- pro  100 l Wasser. Kein Wlan, Hafenrstaurant (Italiener)<\/em><\/strong> + <strong><em>Grieche gegen\u00fcber<\/em><\/strong>, <em><strong>EZ mit REWE, Rossmann und Obi ca. 1,5 kk,  Netto ca. 1 km+ Lidl entgegengesetzte Richtung<\/strong><\/em><\/p>\n\n\n","protected":false},"excerpt":{"rendered":"<p>Tag 106, Montag 19. August R\u00f6ddlinersee &#8211; Zehdenick, Stadthafen25,6 km &#8211; 2 Schleusen &#8211; 3,5 Std. FahrzeitEs ist zwar noch k\u00fchl, 16\u00b0, aber die Sonne lugt schon um die Ecke, als wir uns wieder Cabrio bereit machen. Die Strecke durch die Templiner Gew\u00e4sser ist einfach wundersch\u00f6n, auch wenn uns gr\u00f6\u00dftenteils die Netzverbindung kippt. Das Tal &hellip; <\/p>\n<p class=\"link-more\"><a href=\"https:\/\/mybonnechance.de\/?page_id=9530\" class=\"more-link\"><span class=\"screen-reader-text\">\u201e2024-57 Zehdenick\u201c<\/span> weiterlesen<\/a><\/p>\n","protected":false},"author":1,"featured_media":0,"parent":0,"menu_order":0,"comment_status":"closed","ping_status":"closed","template":"","meta":{"ngg_post_thumbnail":0,"footnotes":""},"class_list":["post-9530","page","type-page","status-publish","hentry"],"_links":{"self":[{"href":"https:\/\/mybonnechance.de\/index.php?rest_route=\/wp\/v2\/pages\/9530","targetHints":{"allow":["GET"]}}],"collection":[{"href":"https:\/\/mybonnechance.de\/index.php?rest_route=\/wp\/v2\/pages"}],"about":[{"href":"https:\/\/mybonnechance.de\/index.php?rest_route=\/wp\/v2\/types\/page"}],"author":[{"embeddable":true,"href":"https:\/\/mybonnechance.de\/index.php?rest_route=\/wp\/v2\/users\/1"}],"replies":[{"embeddable":true,"href":"https:\/\/mybonnechance.de\/index.php?rest_route=%2Fwp%2Fv2%2Fcomments&post=9530"}],"version-history":[{"count":4,"href":"https:\/\/mybonnechance.de\/index.php?rest_route=\/wp\/v2\/pages\/9530\/revisions"}],"predecessor-version":[{"id":9555,"href":"https:\/\/mybonnechance.de\/index.php?rest_route=\/wp\/v2\/pages\/9530\/revisions\/9555"}],"wp:attachment":[{"href":"https:\/\/mybonnechance.de\/index.php?rest_route=%2Fwp%2Fv2%2Fmedia&parent=9530"}],"curies":[{"name":"wp","href":"https:\/\/api.w.org\/{rel}","templated":true}]}}