{"id":9535,"date":"2024-08-28T10:38:21","date_gmt":"2024-08-28T10:38:21","guid":{"rendered":"https:\/\/mybonnechance.de\/?page_id=9535"},"modified":"2024-08-28T18:45:12","modified_gmt":"2024-08-28T18:45:12","slug":"2024-60-schiffbauerdamm","status":"publish","type":"page","link":"https:\/\/mybonnechance.de\/?page_id=9535","title":{"rendered":"2024-60 Liegeplatz Schiffbauerdamm"},"content":{"rendered":"\n<p><strong>Tag 109, Donnerstag  22. August            Liegeplatz Schlo\u00dfbr\u00fccke Charlottenburg<\/strong> &#8211; <strong>Liegeplatz Schiffbauerdamm<\/strong><br>9 km &#8211;  1,2 Std. Fahrzeit<br>Wir fahren gegen 08:30 los in der Hoffnung, einen Platz am <strong>Schiffbauerdamm<\/strong> zu bekommen. Nat\u00fcrlich ist der Anleger belegt. Meine Hoffnung schwindet, aber wir fahren erstmal weiter bis zum Berliner Dom, dann drehen wir und man fasst es kaum \u2013 es f\u00e4hrt gerade ein Schiff weg. Nach 1h sind dann sogar 2 Pl\u00e4tze frei und die bleiben auch erstmal f\u00fcr die n\u00e4chsten 2 Std. frei. Man steckt da echt nicht drin und kann es nicht planen, wann es einen Platz an dem Anleger gibt. Einfach versuchen und zur Not etwas kreiseln, bis ein Schiff wegf\u00e4hrt.<br>Am Abend dann ins Tipi zu Cabaret. Das Tipi ist ein sehr atmosph\u00e4rischer Veranstaltungsort und auch das Musical war gut gemacht. Die Vorstellung war kurz nach elf zu Ende und es war noch so wunderbar warm drau\u00dfen, dass wir bis nach Mitternacht noch drau\u00dfen sitzen konnten.<\/p>\n\n\n","protected":false},"excerpt":{"rendered":"<p>Tag 109, Donnerstag 22. August Liegeplatz Schlo\u00dfbr\u00fccke Charlottenburg &#8211; Liegeplatz Schiffbauerdamm9 km &#8211; 1,2 Std. FahrzeitWir fahren gegen 08:30 los in der Hoffnung, einen Platz am Schiffbauerdamm zu bekommen. Nat\u00fcrlich ist der Anleger belegt. Meine Hoffnung schwindet, aber wir fahren erstmal weiter bis zum Berliner Dom, dann drehen wir und man fasst es kaum \u2013 &hellip; <\/p>\n<p class=\"link-more\"><a href=\"https:\/\/mybonnechance.de\/?page_id=9535\" class=\"more-link\"><span class=\"screen-reader-text\">\u201e2024-60 Liegeplatz Schiffbauerdamm\u201c<\/span> weiterlesen<\/a><\/p>\n","protected":false},"author":1,"featured_media":0,"parent":0,"menu_order":0,"comment_status":"closed","ping_status":"closed","template":"","meta":{"ngg_post_thumbnail":0,"footnotes":""},"class_list":["post-9535","page","type-page","status-publish","hentry"],"_links":{"self":[{"href":"https:\/\/mybonnechance.de\/index.php?rest_route=\/wp\/v2\/pages\/9535","targetHints":{"allow":["GET"]}}],"collection":[{"href":"https:\/\/mybonnechance.de\/index.php?rest_route=\/wp\/v2\/pages"}],"about":[{"href":"https:\/\/mybonnechance.de\/index.php?rest_route=\/wp\/v2\/types\/page"}],"author":[{"embeddable":true,"href":"https:\/\/mybonnechance.de\/index.php?rest_route=\/wp\/v2\/users\/1"}],"replies":[{"embeddable":true,"href":"https:\/\/mybonnechance.de\/index.php?rest_route=%2Fwp%2Fv2%2Fcomments&post=9535"}],"version-history":[{"count":3,"href":"https:\/\/mybonnechance.de\/index.php?rest_route=\/wp\/v2\/pages\/9535\/revisions"}],"predecessor-version":[{"id":9575,"href":"https:\/\/mybonnechance.de\/index.php?rest_route=\/wp\/v2\/pages\/9535\/revisions\/9575"}],"wp:attachment":[{"href":"https:\/\/mybonnechance.de\/index.php?rest_route=%2Fwp%2Fv2%2Fmedia&parent=9535"}],"curies":[{"name":"wp","href":"https:\/\/api.w.org\/{rel}","templated":true}]}}