{"id":9537,"date":"2024-08-28T10:38:52","date_gmt":"2024-08-28T10:38:52","guid":{"rendered":"https:\/\/mybonnechance.de\/?page_id=9537"},"modified":"2024-08-28T19:09:07","modified_gmt":"2024-08-28T19:09:07","slug":"2024-61-tegeler-see","status":"publish","type":"page","link":"https:\/\/mybonnechance.de\/?page_id=9537","title":{"rendered":"2024-61 Tegeler See"},"content":{"rendered":"\n<p><strong>Tag 110, Freitag  23. August            <\/strong> <strong>Liegeplatz Schiffbauerdamm<\/strong> <strong>&#8211; Tegeler See, Ankern<\/strong><br>21,2 km &#8211;  1 Schleuse &#8211; 2,9 Std. Fahrzeit<br>Wir m\u00fcssen den gleichen Weg wieder duch die Berliner City Richtung Charlottenburg zur\u00fcckfahren. So tolle H\u00e4user wir auch sehen, umso gr\u00f6\u00dfer ist dann doch der Schock, wenn man tats\u00e4chlich auf die Obdachlosen unter den Br\u00fccken trifft. <\/p>\n\n\n\n<figure class=\"wp-block-image size-large\"><img loading=\"lazy\" decoding=\"async\" width=\"1024\" height=\"576\" src=\"https:\/\/mybonnechance.de\/wp-content\/uploads\/2024\/08\/20240823_093114-1024x576.jpg\" alt=\"\" class=\"wp-image-9580\" srcset=\"https:\/\/mybonnechance.de\/wp-content\/uploads\/2024\/08\/20240823_093114-1024x576.jpg 1024w, https:\/\/mybonnechance.de\/wp-content\/uploads\/2024\/08\/20240823_093114-300x169.jpg 300w, https:\/\/mybonnechance.de\/wp-content\/uploads\/2024\/08\/20240823_093114-768x432.jpg 768w, https:\/\/mybonnechance.de\/wp-content\/uploads\/2024\/08\/20240823_093114-1536x864.jpg 1536w, https:\/\/mybonnechance.de\/wp-content\/uploads\/2024\/08\/20240823_093114-2048x1152.jpg 2048w\" sizes=\"auto, (max-width: 767px) 89vw, (max-width: 1000px) 54vw, (max-width: 1071px) 543px, 580px\" \/><\/figure>\n\n\n\n<p>An der <strong>Schleuse Pl\u00f6tzensee<\/strong> m\u00fcssen wir 30 min. warten. Da es am WE bis zu 32\u00b0 werden sollen und der Wannsee Blaualgenalarm hat, beschlie\u00dfen wir im <strong>Tegeler See<\/strong> zu ankern. Das ist nur ein kleiner Abstecher von unserer Route. Obwohl es fast 31 Grad ist, gestaltet sich das Ankern als nicht so einfach. Wir haben Windst\u00e4rke zwischen 4-5 BF und dadurch werden wir immer wieder abgetrieben.  Wir wechseln 3 mal den Platz, bis Stephan endlich zufrieden ist und wir nicht Gefahr laufen, auf ein anderes Schiff zu treiben. Es ist doch einiges los auf dem Wasser.<\/p>\n\n\n\n<figure class=\"wp-block-image size-large\"><img loading=\"lazy\" decoding=\"async\" width=\"1024\" height=\"576\" src=\"https:\/\/mybonnechance.de\/wp-content\/uploads\/2024\/08\/20240824_185005-1024x576.jpg\" alt=\"\" class=\"wp-image-9581\" srcset=\"https:\/\/mybonnechance.de\/wp-content\/uploads\/2024\/08\/20240824_185005-1024x576.jpg 1024w, https:\/\/mybonnechance.de\/wp-content\/uploads\/2024\/08\/20240824_185005-300x169.jpg 300w, https:\/\/mybonnechance.de\/wp-content\/uploads\/2024\/08\/20240824_185005-768x432.jpg 768w, https:\/\/mybonnechance.de\/wp-content\/uploads\/2024\/08\/20240824_185005-1536x864.jpg 1536w, https:\/\/mybonnechance.de\/wp-content\/uploads\/2024\/08\/20240824_185005-2048x1152.jpg 2048w\" sizes=\"auto, (max-width: 767px) 89vw, (max-width: 1000px) 54vw, (max-width: 1071px) 543px, 580px\" \/><\/figure>\n\n\n\n<p><strong>Tag 111, Samstag  24. August <\/strong><br>Anker hat gehalten, und ich habe super geschlafen. Heute ist es immer noch windig, wenn auch nicht mehr so sehr wie gestern. Das werden wahrscheinlich die letzten sonnigen Tage sein, wo wir im See schwimmen. Ich bef\u00fcrchte, da\u00df die sich die Blaualgen bald \u00fcberall finden werden.<\/p>\n\n\n","protected":false},"excerpt":{"rendered":"<p>Tag 110, Freitag 23. August Liegeplatz Schiffbauerdamm &#8211; Tegeler See, Ankern21,2 km &#8211; 1 Schleuse &#8211; 2,9 Std. FahrzeitWir m\u00fcssen den gleichen Weg wieder duch die Berliner City Richtung Charlottenburg zur\u00fcckfahren. So tolle H\u00e4user wir auch sehen, umso gr\u00f6\u00dfer ist dann doch der Schock, wenn man tats\u00e4chlich auf die Obdachlosen unter den Br\u00fccken trifft. An &hellip; <\/p>\n<p class=\"link-more\"><a href=\"https:\/\/mybonnechance.de\/?page_id=9537\" class=\"more-link\"><span class=\"screen-reader-text\">\u201e2024-61 Tegeler See\u201c<\/span> weiterlesen<\/a><\/p>\n","protected":false},"author":1,"featured_media":0,"parent":0,"menu_order":0,"comment_status":"closed","ping_status":"closed","template":"","meta":{"ngg_post_thumbnail":0,"footnotes":""},"class_list":["post-9537","page","type-page","status-publish","hentry"],"_links":{"self":[{"href":"https:\/\/mybonnechance.de\/index.php?rest_route=\/wp\/v2\/pages\/9537","targetHints":{"allow":["GET"]}}],"collection":[{"href":"https:\/\/mybonnechance.de\/index.php?rest_route=\/wp\/v2\/pages"}],"about":[{"href":"https:\/\/mybonnechance.de\/index.php?rest_route=\/wp\/v2\/types\/page"}],"author":[{"embeddable":true,"href":"https:\/\/mybonnechance.de\/index.php?rest_route=\/wp\/v2\/users\/1"}],"replies":[{"embeddable":true,"href":"https:\/\/mybonnechance.de\/index.php?rest_route=%2Fwp%2Fv2%2Fcomments&post=9537"}],"version-history":[{"count":3,"href":"https:\/\/mybonnechance.de\/index.php?rest_route=\/wp\/v2\/pages\/9537\/revisions"}],"predecessor-version":[{"id":9582,"href":"https:\/\/mybonnechance.de\/index.php?rest_route=\/wp\/v2\/pages\/9537\/revisions\/9582"}],"wp:attachment":[{"href":"https:\/\/mybonnechance.de\/index.php?rest_route=%2Fwp%2Fv2%2Fmedia&parent=9537"}],"curies":[{"name":"wp","href":"https:\/\/api.w.org\/{rel}","templated":true}]}}