{"id":9539,"date":"2024-08-28T10:39:29","date_gmt":"2024-08-28T10:39:29","guid":{"rendered":"https:\/\/mybonnechance.de\/?page_id=9539"},"modified":"2024-08-28T20:02:36","modified_gmt":"2024-08-28T20:02:36","slug":"2024-62-wannsee","status":"publish","type":"page","link":"https:\/\/mybonnechance.de\/?page_id=9539","title":{"rendered":"2024-62 Wannsee"},"content":{"rendered":"\n<p><strong>Tag 112,  Sonntag  25. August            <\/strong> <strong> Tegeler See, Ankern<\/strong> <strong>&#8211; Wannsee, Rest. Seehase<\/strong><br>19,4 km &#8211;  1 Schleuse &#8211; 2,8 Std. Fahrzeit<br>Wir fahren wieder durch Spandau, Schleuse Pl\u00f6tzensee, nur dass wir nicht zur Berliner City abbiegen sondern weiter Richtung Wannsee fahren. Unterwegs ergreifen wir die Gelegenheit zu tanken in der Marina Lanke. Da mir der Hafen gef\u00e4llt frage ich nach dem Preis und muss schlucken:  4.- p.M + 5 .- p.P.<br>Der Steg am <strong>Restaurant Seehase<\/strong> ist total frei. Die Holzbarken sind zwar in die Jahre gekommen, aber bei einem Preis von 25.- incl. Strom und Wasser wollen wir ja nicht meckern. <\/p>\n\n\n\n<figure class=\"wp-block-gallery has-nested-images columns-default is-cropped wp-block-gallery-1 is-layout-flex wp-block-gallery-is-layout-flex\">\n<figure class=\"wp-block-image size-large\"><img loading=\"lazy\" decoding=\"async\" width=\"576\" height=\"1024\" data-id=\"9584\" src=\"https:\/\/mybonnechance.de\/wp-content\/uploads\/2024\/08\/20240825_115553-576x1024.jpg\" alt=\"\" class=\"wp-image-9584\" srcset=\"https:\/\/mybonnechance.de\/wp-content\/uploads\/2024\/08\/20240825_115553-576x1024.jpg 576w, https:\/\/mybonnechance.de\/wp-content\/uploads\/2024\/08\/20240825_115553-169x300.jpg 169w, https:\/\/mybonnechance.de\/wp-content\/uploads\/2024\/08\/20240825_115553-768x1365.jpg 768w, https:\/\/mybonnechance.de\/wp-content\/uploads\/2024\/08\/20240825_115553-864x1536.jpg 864w, https:\/\/mybonnechance.de\/wp-content\/uploads\/2024\/08\/20240825_115553-1152x2048.jpg 1152w, https:\/\/mybonnechance.de\/wp-content\/uploads\/2024\/08\/20240825_115553-scaled.jpg 1440w\" sizes=\"auto, (max-width: 576px) 100vw, 576px\" \/><\/figure>\n\n\n\n<figure class=\"wp-block-image size-large\"><img loading=\"lazy\" decoding=\"async\" width=\"576\" height=\"1024\" data-id=\"9586\" src=\"https:\/\/mybonnechance.de\/wp-content\/uploads\/2024\/08\/20240825_174631-576x1024.jpg\" alt=\"\" class=\"wp-image-9586\" srcset=\"https:\/\/mybonnechance.de\/wp-content\/uploads\/2024\/08\/20240825_174631-576x1024.jpg 576w, https:\/\/mybonnechance.de\/wp-content\/uploads\/2024\/08\/20240825_174631-169x300.jpg 169w, https:\/\/mybonnechance.de\/wp-content\/uploads\/2024\/08\/20240825_174631-768x1365.jpg 768w, https:\/\/mybonnechance.de\/wp-content\/uploads\/2024\/08\/20240825_174631-864x1536.jpg 864w, https:\/\/mybonnechance.de\/wp-content\/uploads\/2024\/08\/20240825_174631-1152x2048.jpg 1152w, https:\/\/mybonnechance.de\/wp-content\/uploads\/2024\/08\/20240825_174631-scaled.jpg 1440w\" sizes=\"auto, (max-width: 576px) 100vw, 576px\" \/><\/figure>\n<\/figure>\n\n\n\n<p>Das Wasser super, aber nicht warm genug um reinzuspringen. Es ist nur ein bisschen unruhig- sch\u00f6n Wetter Sonntagsverkehr. Wir liegen hier direkt neben dem <strong>Haus<\/strong> <strong>der Wannseekonferenz<\/strong> und gegen\u00fcber ist das Strandbad Wannsee.<\/p>\n\n\n\n<p class=\"has-vivid-red-color has-text-color has-link-color wp-elements-7bc8711dfeda1ad72a1618e4645b6b71\"><strong><em>Hafengeb\u00fchren:  25.- als Standardpreis incl. Allem (es gibt aber nur 1 Stecker f\u00fcr Strom), egal wieviel Meter oder wieviel Personen, kein Wlan, 2 Hafenrestaurants, 2x EDEKA + Aldi ca. 3,4 km<\/em><\/strong><\/p>\n\n\n\n<p><strong>Tag 113,  Montag  26. August<\/strong><br>Wir machen uns auf nach <strong>Schloss Glienicke und Schloss Babelsberg<\/strong>. Eine sch\u00f6ne Tour und die Parks sind nett angelegt. <\/p>\n\n\n\n<figure class=\"wp-block-gallery has-nested-images columns-default is-cropped wp-block-gallery-2 is-layout-flex wp-block-gallery-is-layout-flex\">\n<figure class=\"wp-block-image size-large\"><img loading=\"lazy\" decoding=\"async\" width=\"1024\" height=\"576\" data-id=\"9591\" src=\"https:\/\/mybonnechance.de\/wp-content\/uploads\/2024\/08\/20240826_104236-1024x576.jpg\" alt=\"\" class=\"wp-image-9591\" srcset=\"https:\/\/mybonnechance.de\/wp-content\/uploads\/2024\/08\/20240826_104236-1024x576.jpg 1024w, https:\/\/mybonnechance.de\/wp-content\/uploads\/2024\/08\/20240826_104236-300x169.jpg 300w, https:\/\/mybonnechance.de\/wp-content\/uploads\/2024\/08\/20240826_104236-768x432.jpg 768w, https:\/\/mybonnechance.de\/wp-content\/uploads\/2024\/08\/20240826_104236-1536x864.jpg 1536w, https:\/\/mybonnechance.de\/wp-content\/uploads\/2024\/08\/20240826_104236-2048x1152.jpg 2048w\" sizes=\"auto, (max-width: 767px) 89vw, (max-width: 1000px) 54vw, (max-width: 1071px) 543px, 580px\" \/><figcaption class=\"wp-element-caption\">Glienicker Br\u00fccke<\/figcaption><\/figure>\n\n\n\n<figure class=\"wp-block-image size-large\"><img loading=\"lazy\" decoding=\"async\" width=\"1024\" height=\"576\" data-id=\"9590\" src=\"https:\/\/mybonnechance.de\/wp-content\/uploads\/2024\/08\/20240826_110822-1024x576.jpg\" alt=\"\" class=\"wp-image-9590\" srcset=\"https:\/\/mybonnechance.de\/wp-content\/uploads\/2024\/08\/20240826_110822-1024x576.jpg 1024w, https:\/\/mybonnechance.de\/wp-content\/uploads\/2024\/08\/20240826_110822-300x169.jpg 300w, https:\/\/mybonnechance.de\/wp-content\/uploads\/2024\/08\/20240826_110822-768x432.jpg 768w, https:\/\/mybonnechance.de\/wp-content\/uploads\/2024\/08\/20240826_110822-1536x864.jpg 1536w, https:\/\/mybonnechance.de\/wp-content\/uploads\/2024\/08\/20240826_110822-2048x1152.jpg 2048w\" sizes=\"auto, (max-width: 767px) 89vw, (max-width: 1000px) 54vw, (max-width: 1071px) 543px, 580px\" \/><figcaption class=\"wp-element-caption\"><strong>Schloss Glienicke<\/strong><\/figcaption><\/figure>\n<\/figure>\n\n\n\n<figure class=\"wp-block-gallery has-nested-images columns-default is-cropped wp-block-gallery-3 is-layout-flex wp-block-gallery-is-layout-flex\">\n<figure class=\"wp-block-image size-large\"><img loading=\"lazy\" decoding=\"async\" width=\"1024\" height=\"576\" data-id=\"9593\" src=\"https:\/\/mybonnechance.de\/wp-content\/uploads\/2024\/08\/20240826_115142-1024x576.jpg\" alt=\"\" class=\"wp-image-9593\" srcset=\"https:\/\/mybonnechance.de\/wp-content\/uploads\/2024\/08\/20240826_115142-1024x576.jpg 1024w, https:\/\/mybonnechance.de\/wp-content\/uploads\/2024\/08\/20240826_115142-300x169.jpg 300w, https:\/\/mybonnechance.de\/wp-content\/uploads\/2024\/08\/20240826_115142-768x432.jpg 768w, https:\/\/mybonnechance.de\/wp-content\/uploads\/2024\/08\/20240826_115142-1536x864.jpg 1536w, https:\/\/mybonnechance.de\/wp-content\/uploads\/2024\/08\/20240826_115142-2048x1152.jpg 2048w\" sizes=\"auto, (max-width: 767px) 89vw, (max-width: 1000px) 54vw, (max-width: 1071px) 543px, 580px\" \/><figcaption class=\"wp-element-caption\"><strong>Schloss Babelsberg<\/strong><\/figcaption><\/figure>\n\n\n\n<figure class=\"wp-block-image size-large\"><img loading=\"lazy\" decoding=\"async\" width=\"1024\" height=\"576\" data-id=\"9594\" src=\"https:\/\/mybonnechance.de\/wp-content\/uploads\/2024\/08\/20240826_122137-1024x576.jpg\" alt=\"\" class=\"wp-image-9594\" srcset=\"https:\/\/mybonnechance.de\/wp-content\/uploads\/2024\/08\/20240826_122137-1024x576.jpg 1024w, https:\/\/mybonnechance.de\/wp-content\/uploads\/2024\/08\/20240826_122137-300x169.jpg 300w, https:\/\/mybonnechance.de\/wp-content\/uploads\/2024\/08\/20240826_122137-768x432.jpg 768w, https:\/\/mybonnechance.de\/wp-content\/uploads\/2024\/08\/20240826_122137-1536x864.jpg 1536w, https:\/\/mybonnechance.de\/wp-content\/uploads\/2024\/08\/20240826_122137-2048x1152.jpg 2048w\" sizes=\"auto, (max-width: 767px) 89vw, (max-width: 1000px) 54vw, (max-width: 1071px) 543px, 580px\" \/><\/figure>\n<\/figure>\n\n\n\n<figure class=\"wp-block-gallery has-nested-images columns-default is-cropped wp-block-gallery-4 is-layout-flex wp-block-gallery-is-layout-flex\">\n<figure class=\"wp-block-image size-large\"><img loading=\"lazy\" decoding=\"async\" width=\"1024\" height=\"576\" data-id=\"9595\" src=\"https:\/\/mybonnechance.de\/wp-content\/uploads\/2024\/08\/20240826_122422-1024x576.jpg\" alt=\"\" class=\"wp-image-9595\" srcset=\"https:\/\/mybonnechance.de\/wp-content\/uploads\/2024\/08\/20240826_122422-1024x576.jpg 1024w, https:\/\/mybonnechance.de\/wp-content\/uploads\/2024\/08\/20240826_122422-300x169.jpg 300w, https:\/\/mybonnechance.de\/wp-content\/uploads\/2024\/08\/20240826_122422-768x432.jpg 768w, https:\/\/mybonnechance.de\/wp-content\/uploads\/2024\/08\/20240826_122422-1536x864.jpg 1536w, https:\/\/mybonnechance.de\/wp-content\/uploads\/2024\/08\/20240826_122422-2048x1152.jpg 2048w\" sizes=\"auto, (max-width: 767px) 89vw, (max-width: 1000px) 54vw, (max-width: 1071px) 543px, 580px\" \/><\/figure>\n\n\n\n<figure class=\"wp-block-image size-large\"><img loading=\"lazy\" decoding=\"async\" width=\"1024\" height=\"576\" data-id=\"9596\" src=\"https:\/\/mybonnechance.de\/wp-content\/uploads\/2024\/08\/20240826_122442-1024x576.jpg\" alt=\"\" class=\"wp-image-9596\" srcset=\"https:\/\/mybonnechance.de\/wp-content\/uploads\/2024\/08\/20240826_122442-1024x576.jpg 1024w, https:\/\/mybonnechance.de\/wp-content\/uploads\/2024\/08\/20240826_122442-300x169.jpg 300w, https:\/\/mybonnechance.de\/wp-content\/uploads\/2024\/08\/20240826_122442-768x432.jpg 768w, https:\/\/mybonnechance.de\/wp-content\/uploads\/2024\/08\/20240826_122442-1536x864.jpg 1536w, https:\/\/mybonnechance.de\/wp-content\/uploads\/2024\/08\/20240826_122442-2048x1152.jpg 2048w\" sizes=\"auto, (max-width: 767px) 89vw, (max-width: 1000px) 54vw, (max-width: 1071px) 543px, 580px\" \/><\/figure>\n<\/figure>\n\n\n\n<p>Temperaturen sind zeitweise hei\u00dfer als erw\u00fcnscht, aber auf dem Rad geht es. Fahren noch in den <strong>Stadtteil Babelsberg<\/strong>, aber da ist nichts, au\u00dfer dem Filmstudio. \u00dcbrigens jetzt sind wieder richtig b\u00f6se Blaualgenpest im Wannsee. Gestern war es so wellig und windig das die Blaualgen vertrieben wurden, aber heute steht die Luft.<\/p>\n\n\n\n<figure class=\"wp-block-gallery has-nested-images columns-default is-cropped wp-block-gallery-5 is-layout-flex wp-block-gallery-is-layout-flex\">\n<figure class=\"wp-block-image size-large\"><img loading=\"lazy\" decoding=\"async\" width=\"576\" height=\"1024\" data-id=\"9600\" src=\"https:\/\/mybonnechance.de\/wp-content\/uploads\/2024\/08\/20240827_075447-576x1024.jpg\" alt=\"\" class=\"wp-image-9600\" srcset=\"https:\/\/mybonnechance.de\/wp-content\/uploads\/2024\/08\/20240827_075447-576x1024.jpg 576w, https:\/\/mybonnechance.de\/wp-content\/uploads\/2024\/08\/20240827_075447-169x300.jpg 169w, https:\/\/mybonnechance.de\/wp-content\/uploads\/2024\/08\/20240827_075447-768x1365.jpg 768w, https:\/\/mybonnechance.de\/wp-content\/uploads\/2024\/08\/20240827_075447-864x1536.jpg 864w, https:\/\/mybonnechance.de\/wp-content\/uploads\/2024\/08\/20240827_075447-1152x2048.jpg 1152w, https:\/\/mybonnechance.de\/wp-content\/uploads\/2024\/08\/20240827_075447-scaled.jpg 1440w\" sizes=\"auto, (max-width: 576px) 100vw, 576px\" \/><\/figure>\n<\/figure>\n\n\n","protected":false},"excerpt":{"rendered":"<p>Tag 112, Sonntag 25. August Tegeler See, Ankern &#8211; Wannsee, Rest. Seehase19,4 km &#8211; 1 Schleuse &#8211; 2,8 Std. FahrzeitWir fahren wieder durch Spandau, Schleuse Pl\u00f6tzensee, nur dass wir nicht zur Berliner City abbiegen sondern weiter Richtung Wannsee fahren. Unterwegs ergreifen wir die Gelegenheit zu tanken in der Marina Lanke. Da mir der Hafen gef\u00e4llt &hellip; <\/p>\n<p class=\"link-more\"><a href=\"https:\/\/mybonnechance.de\/?page_id=9539\" class=\"more-link\"><span class=\"screen-reader-text\">\u201e2024-62 Wannsee\u201c<\/span> weiterlesen<\/a><\/p>\n","protected":false},"author":1,"featured_media":0,"parent":0,"menu_order":0,"comment_status":"closed","ping_status":"closed","template":"","meta":{"ngg_post_thumbnail":0,"footnotes":""},"class_list":["post-9539","page","type-page","status-publish","hentry"],"_links":{"self":[{"href":"https:\/\/mybonnechance.de\/index.php?rest_route=\/wp\/v2\/pages\/9539","targetHints":{"allow":["GET"]}}],"collection":[{"href":"https:\/\/mybonnechance.de\/index.php?rest_route=\/wp\/v2\/pages"}],"about":[{"href":"https:\/\/mybonnechance.de\/index.php?rest_route=\/wp\/v2\/types\/page"}],"author":[{"embeddable":true,"href":"https:\/\/mybonnechance.de\/index.php?rest_route=\/wp\/v2\/users\/1"}],"replies":[{"embeddable":true,"href":"https:\/\/mybonnechance.de\/index.php?rest_route=%2Fwp%2Fv2%2Fcomments&post=9539"}],"version-history":[{"count":4,"href":"https:\/\/mybonnechance.de\/index.php?rest_route=\/wp\/v2\/pages\/9539\/revisions"}],"predecessor-version":[{"id":9601,"href":"https:\/\/mybonnechance.de\/index.php?rest_route=\/wp\/v2\/pages\/9539\/revisions\/9601"}],"wp:attachment":[{"href":"https:\/\/mybonnechance.de\/index.php?rest_route=%2Fwp%2Fv2%2Fmedia&parent=9539"}],"curies":[{"name":"wp","href":"https:\/\/api.w.org\/{rel}","templated":true}]}}