{"id":9541,"date":"2024-08-28T10:39:49","date_gmt":"2024-08-28T10:39:49","guid":{"rendered":"https:\/\/mybonnechance.de\/?page_id=9541"},"modified":"2024-08-28T20:15:23","modified_gmt":"2024-08-28T20:15:23","slug":"2024-63-ketzin","status":"publish","type":"page","link":"https:\/\/mybonnechance.de\/?page_id=9541","title":{"rendered":"2024-63 Ketzin"},"content":{"rendered":"\n<p><strong>Tag 114,  Dienstag  27. August            <\/strong> <strong> Wannsee, Rest. Seehase<\/strong> <strong>-Ketzin, Stadthafen Havelpromenade<\/strong><br>19,4 km &#8211; 2,8 Std. Fahrzeit<br>Diesmal werden wir den <strong>Sacrow Paretzer Kanal<\/strong> nach <strong>Ketzin<\/strong> nehmen. Vorbei an der <strong>Pfaueninsel<\/strong> sehen wir nochmal aus der Ferne die <strong>Glienicker Br\u00fccke<\/strong> und ahnen den Teltowkanal, wo wir genau vor 20 Wochen abgebogen sind.<\/p>\n\n\n\n<figure class=\"wp-block-gallery has-nested-images columns-default is-cropped wp-block-gallery-1 is-layout-flex wp-block-gallery-is-layout-flex\">\n<figure class=\"wp-block-image size-large\"><img loading=\"lazy\" decoding=\"async\" width=\"1024\" height=\"576\" data-id=\"9605\" src=\"https:\/\/mybonnechance.de\/wp-content\/uploads\/2024\/08\/20240827_083547-1024x576.jpg\" alt=\"\" class=\"wp-image-9605\" srcset=\"https:\/\/mybonnechance.de\/wp-content\/uploads\/2024\/08\/20240827_083547-1024x576.jpg 1024w, https:\/\/mybonnechance.de\/wp-content\/uploads\/2024\/08\/20240827_083547-300x169.jpg 300w, https:\/\/mybonnechance.de\/wp-content\/uploads\/2024\/08\/20240827_083547-768x432.jpg 768w, https:\/\/mybonnechance.de\/wp-content\/uploads\/2024\/08\/20240827_083547-1536x864.jpg 1536w, https:\/\/mybonnechance.de\/wp-content\/uploads\/2024\/08\/20240827_083547-2048x1152.jpg 2048w\" sizes=\"auto, (max-width: 767px) 89vw, (max-width: 1000px) 54vw, (max-width: 1071px) 543px, 580px\" \/><figcaption class=\"wp-element-caption\"><strong>Pfaueninsel<\/strong><\/figcaption><\/figure>\n\n\n\n<figure class=\"wp-block-image size-large\"><img loading=\"lazy\" decoding=\"async\" width=\"1024\" height=\"576\" data-id=\"9604\" src=\"https:\/\/mybonnechance.de\/wp-content\/uploads\/2024\/08\/20240827_083647-1024x576.jpg\" alt=\"\" class=\"wp-image-9604\" srcset=\"https:\/\/mybonnechance.de\/wp-content\/uploads\/2024\/08\/20240827_083647-1024x576.jpg 1024w, https:\/\/mybonnechance.de\/wp-content\/uploads\/2024\/08\/20240827_083647-300x169.jpg 300w, https:\/\/mybonnechance.de\/wp-content\/uploads\/2024\/08\/20240827_083647-768x432.jpg 768w, https:\/\/mybonnechance.de\/wp-content\/uploads\/2024\/08\/20240827_083647-1536x864.jpg 1536w, https:\/\/mybonnechance.de\/wp-content\/uploads\/2024\/08\/20240827_083647-2048x1152.jpg 2048w\" sizes=\"auto, (max-width: 767px) 89vw, (max-width: 1000px) 54vw, (max-width: 1071px) 543px, 580px\" \/><\/figure>\n\n\n\n<figure class=\"wp-block-image size-large\"><img loading=\"lazy\" decoding=\"async\" width=\"1024\" height=\"576\" data-id=\"9603\" src=\"https:\/\/mybonnechance.de\/wp-content\/uploads\/2024\/08\/20240826_112459-1024x576.jpg\" alt=\"\" class=\"wp-image-9603\" srcset=\"https:\/\/mybonnechance.de\/wp-content\/uploads\/2024\/08\/20240826_112459-1024x576.jpg 1024w, https:\/\/mybonnechance.de\/wp-content\/uploads\/2024\/08\/20240826_112459-300x169.jpg 300w, https:\/\/mybonnechance.de\/wp-content\/uploads\/2024\/08\/20240826_112459-768x432.jpg 768w, https:\/\/mybonnechance.de\/wp-content\/uploads\/2024\/08\/20240826_112459-1536x864.jpg 1536w, https:\/\/mybonnechance.de\/wp-content\/uploads\/2024\/08\/20240826_112459-2048x1152.jpg 2048w\" sizes=\"auto, (max-width: 767px) 89vw, (max-width: 1000px) 54vw, (max-width: 1071px) 543px, 580px\" \/><figcaption class=\"wp-element-caption\"><strong>Glienicker Br\u00fccke<\/strong><\/figcaption><\/figure>\n<\/figure>\n\n\n\n<p>Der Kanal ist, wie alle Kan\u00e4le, bedeutend langweiliger als die Potsdamer Havel \u00fcber Werder. Allerdings ist diese Strecke k\u00fcrzer.<\/p>\n\n\n\n<figure class=\"wp-block-gallery has-nested-images columns-default is-cropped wp-block-gallery-2 is-layout-flex wp-block-gallery-is-layout-flex\">\n<figure class=\"wp-block-image size-large\"><img loading=\"lazy\" decoding=\"async\" width=\"576\" height=\"1024\" data-id=\"9606\" src=\"https:\/\/mybonnechance.de\/wp-content\/uploads\/2024\/08\/20240827_085618-576x1024.jpg\" alt=\"\" class=\"wp-image-9606\" srcset=\"https:\/\/mybonnechance.de\/wp-content\/uploads\/2024\/08\/20240827_085618-576x1024.jpg 576w, https:\/\/mybonnechance.de\/wp-content\/uploads\/2024\/08\/20240827_085618-169x300.jpg 169w, https:\/\/mybonnechance.de\/wp-content\/uploads\/2024\/08\/20240827_085618-768x1365.jpg 768w, https:\/\/mybonnechance.de\/wp-content\/uploads\/2024\/08\/20240827_085618-864x1536.jpg 864w, https:\/\/mybonnechance.de\/wp-content\/uploads\/2024\/08\/20240827_085618-1152x2048.jpg 1152w, https:\/\/mybonnechance.de\/wp-content\/uploads\/2024\/08\/20240827_085618-scaled.jpg 1440w\" sizes=\"auto, (max-width: 576px) 100vw, 576px\" \/><figcaption class=\"wp-element-caption\"><strong>Sacrower Heiliggeist Kapelle<\/strong><\/figcaption><\/figure>\n\n\n\n<figure class=\"wp-block-image size-large\"><img loading=\"lazy\" decoding=\"async\" width=\"576\" height=\"1024\" data-id=\"9607\" src=\"https:\/\/mybonnechance.de\/wp-content\/uploads\/2024\/08\/20240827_085718-576x1024.jpg\" alt=\"\" class=\"wp-image-9607\" srcset=\"https:\/\/mybonnechance.de\/wp-content\/uploads\/2024\/08\/20240827_085718-576x1024.jpg 576w, https:\/\/mybonnechance.de\/wp-content\/uploads\/2024\/08\/20240827_085718-169x300.jpg 169w, https:\/\/mybonnechance.de\/wp-content\/uploads\/2024\/08\/20240827_085718-768x1365.jpg 768w, https:\/\/mybonnechance.de\/wp-content\/uploads\/2024\/08\/20240827_085718-864x1536.jpg 864w, https:\/\/mybonnechance.de\/wp-content\/uploads\/2024\/08\/20240827_085718-1152x2048.jpg 1152w, https:\/\/mybonnechance.de\/wp-content\/uploads\/2024\/08\/20240827_085718-scaled.jpg 1440w\" sizes=\"auto, (max-width: 576px) 100vw, 576px\" \/><\/figure>\n<\/figure>\n\n\n\n<p>In Ketzin liegen wir wieder am Stadtanleger Havelpromenade.<\/p>\n\n\n\n<p class=\"has-vivid-red-color has-text-color has-link-color wp-elements-0007f571733571f161eb2efdc5233966\"><strong><em>Hafengeb\u00fchren:  1,90 p.M, 1.- f\u00fcr Strom (M\u00fcnzen), kein Wasseranschlu\u00df, Waschmaschine + Trockner je 5.-, Wlan Brandenburg, Griechisches Restaurant am Hafenausgang.  Kein Stadtkern, EDEKA fu\u00dfl\u00e4ufig ca. 15 min<\/em><\/strong><\/p>\n\n\n","protected":false},"excerpt":{"rendered":"<p>Tag 114, Dienstag 27. August Wannsee, Rest. Seehase -Ketzin, Stadthafen Havelpromenade19,4 km &#8211; 2,8 Std. FahrzeitDiesmal werden wir den Sacrow Paretzer Kanal nach Ketzin nehmen. Vorbei an der Pfaueninsel sehen wir nochmal aus der Ferne die Glienicker Br\u00fccke und ahnen den Teltowkanal, wo wir genau vor 20 Wochen abgebogen sind. Der Kanal ist, wie alle &hellip; <\/p>\n<p class=\"link-more\"><a href=\"https:\/\/mybonnechance.de\/?page_id=9541\" class=\"more-link\"><span class=\"screen-reader-text\">\u201e2024-63 Ketzin\u201c<\/span> weiterlesen<\/a><\/p>\n","protected":false},"author":1,"featured_media":0,"parent":0,"menu_order":0,"comment_status":"closed","ping_status":"closed","template":"","meta":{"ngg_post_thumbnail":0,"footnotes":""},"class_list":["post-9541","page","type-page","status-publish","hentry"],"_links":{"self":[{"href":"https:\/\/mybonnechance.de\/index.php?rest_route=\/wp\/v2\/pages\/9541","targetHints":{"allow":["GET"]}}],"collection":[{"href":"https:\/\/mybonnechance.de\/index.php?rest_route=\/wp\/v2\/pages"}],"about":[{"href":"https:\/\/mybonnechance.de\/index.php?rest_route=\/wp\/v2\/types\/page"}],"author":[{"embeddable":true,"href":"https:\/\/mybonnechance.de\/index.php?rest_route=\/wp\/v2\/users\/1"}],"replies":[{"embeddable":true,"href":"https:\/\/mybonnechance.de\/index.php?rest_route=%2Fwp%2Fv2%2Fcomments&post=9541"}],"version-history":[{"count":3,"href":"https:\/\/mybonnechance.de\/index.php?rest_route=\/wp\/v2\/pages\/9541\/revisions"}],"predecessor-version":[{"id":9609,"href":"https:\/\/mybonnechance.de\/index.php?rest_route=\/wp\/v2\/pages\/9541\/revisions\/9609"}],"wp:attachment":[{"href":"https:\/\/mybonnechance.de\/index.php?rest_route=%2Fwp%2Fv2%2Fmedia&parent=9541"}],"curies":[{"name":"wp","href":"https:\/\/api.w.org\/{rel}","templated":true}]}}