{"id":9633,"date":"2024-09-12T12:05:30","date_gmt":"2024-09-12T12:05:30","guid":{"rendered":"https:\/\/mybonnechance.de\/?page_id=9633"},"modified":"2024-09-13T07:07:44","modified_gmt":"2024-09-13T07:07:44","slug":"2024-66-haldensleben","status":"publish","type":"page","link":"https:\/\/mybonnechance.de\/?page_id=9633","title":{"rendered":"2024-66 Haldensleben"},"content":{"rendered":"\n<p><strong>Tag  117, Freitag 30. August            <\/strong> <strong>Burg, Anleger<\/strong> <strong>&#8211; Haldersleben, Sportboothafen<\/strong><br>32,6km &#8211; 1 Schleuse (2,5 h Wartezeit) &#8211; 6 Std. Fahrzeit  <br>Nach dem hei\u00dfesten Tag gestern erfolgt heute ein ziemlicher drastischer Temperatursturz von ca. 14 Grad. Zudem ist es bew\u00f6lkt und der Wind nimmt auch zu.<br>Leider vertr\u00f6stet uns der Schleusenw\u00e4rtern zweimal  an der 15 m hohen<strong> Schleuse Hohenwarthe <\/strong>wegen Berufsschiffer. Wir k\u00f6nnen erst nach 2,5 h endlich mitschleusen . Das Schleusen geht aber dann prolemlos. Danach wird der <strong>Elbe Havelkanal zum Mittelandkanal <\/strong>und wir kommen nach der Schleuse auf die l\u00e4ngste <strong>Kanalbr\u00fccke <\/strong>Europas bei <strong>Magdeburg<\/strong>.<br><\/p>\n\n\n\n<figure class=\"wp-block-gallery has-nested-images columns-default is-cropped wp-block-gallery-1 is-layout-flex wp-block-gallery-is-layout-flex\">\n<figure class=\"wp-block-image size-large\"><img loading=\"lazy\" decoding=\"async\" width=\"576\" height=\"1024\" data-id=\"9671\" src=\"https:\/\/mybonnechance.de\/wp-content\/uploads\/2024\/09\/20240830_113420-576x1024.jpg\" alt=\"\" class=\"wp-image-9671\" srcset=\"https:\/\/mybonnechance.de\/wp-content\/uploads\/2024\/09\/20240830_113420-576x1024.jpg 576w, https:\/\/mybonnechance.de\/wp-content\/uploads\/2024\/09\/20240830_113420-169x300.jpg 169w, https:\/\/mybonnechance.de\/wp-content\/uploads\/2024\/09\/20240830_113420-768x1365.jpg 768w, https:\/\/mybonnechance.de\/wp-content\/uploads\/2024\/09\/20240830_113420-864x1536.jpg 864w, https:\/\/mybonnechance.de\/wp-content\/uploads\/2024\/09\/20240830_113420-1152x2048.jpg 1152w, https:\/\/mybonnechance.de\/wp-content\/uploads\/2024\/09\/20240830_113420-scaled.jpg 1440w\" sizes=\"auto, (max-width: 576px) 100vw, 576px\" \/><\/figure>\n\n\n\n<figure class=\"wp-block-image size-large\"><img loading=\"lazy\" decoding=\"async\" width=\"576\" height=\"1024\" data-id=\"9670\" src=\"https:\/\/mybonnechance.de\/wp-content\/uploads\/2024\/09\/20240830_121149-576x1024.jpg\" alt=\"\" class=\"wp-image-9670\" srcset=\"https:\/\/mybonnechance.de\/wp-content\/uploads\/2024\/09\/20240830_121149-576x1024.jpg 576w, https:\/\/mybonnechance.de\/wp-content\/uploads\/2024\/09\/20240830_121149-169x300.jpg 169w, https:\/\/mybonnechance.de\/wp-content\/uploads\/2024\/09\/20240830_121149-768x1365.jpg 768w, https:\/\/mybonnechance.de\/wp-content\/uploads\/2024\/09\/20240830_121149-864x1536.jpg 864w, https:\/\/mybonnechance.de\/wp-content\/uploads\/2024\/09\/20240830_121149-1152x2048.jpg 1152w, https:\/\/mybonnechance.de\/wp-content\/uploads\/2024\/09\/20240830_121149-scaled.jpg 1440w\" sizes=\"auto, (max-width: 576px) 100vw, 576px\" \/><\/figure>\n<\/figure>\n\n\n\n<p>Der <strong>Hafen von Haldensleben<\/strong> ist etwas eng, aber Stephan \u201eparkt\u201c mal wieder bravour\u00f6s ein. Die Stadt an sich hat nur eine lange Einkaufsstra\u00dfe, aber viele sch\u00f6n erhaltene Fachwerkh\u00e4user und noch einen Teil der mittelalterlichen Festungsmauer.<\/p>\n\n\n\n<figure class=\"wp-block-gallery has-nested-images columns-default is-cropped wp-block-gallery-2 is-layout-flex wp-block-gallery-is-layout-flex\">\n<figure class=\"wp-block-image size-large\"><img loading=\"lazy\" decoding=\"async\" width=\"1024\" height=\"576\" data-id=\"9672\" src=\"https:\/\/mybonnechance.de\/wp-content\/uploads\/2024\/09\/20240830_160038-1024x576.jpg\" alt=\"\" class=\"wp-image-9672\" srcset=\"https:\/\/mybonnechance.de\/wp-content\/uploads\/2024\/09\/20240830_160038-1024x576.jpg 1024w, https:\/\/mybonnechance.de\/wp-content\/uploads\/2024\/09\/20240830_160038-300x169.jpg 300w, https:\/\/mybonnechance.de\/wp-content\/uploads\/2024\/09\/20240830_160038-768x432.jpg 768w, https:\/\/mybonnechance.de\/wp-content\/uploads\/2024\/09\/20240830_160038-1536x864.jpg 1536w, https:\/\/mybonnechance.de\/wp-content\/uploads\/2024\/09\/20240830_160038-2048x1152.jpg 2048w\" sizes=\"auto, (max-width: 767px) 89vw, (max-width: 1000px) 54vw, (max-width: 1071px) 543px, 580px\" \/><\/figure>\n\n\n\n<figure class=\"wp-block-image size-large\"><img loading=\"lazy\" decoding=\"async\" width=\"1024\" height=\"576\" data-id=\"9673\" src=\"https:\/\/mybonnechance.de\/wp-content\/uploads\/2024\/09\/20240830_160525-1024x576.jpg\" alt=\"\" class=\"wp-image-9673\" srcset=\"https:\/\/mybonnechance.de\/wp-content\/uploads\/2024\/09\/20240830_160525-1024x576.jpg 1024w, https:\/\/mybonnechance.de\/wp-content\/uploads\/2024\/09\/20240830_160525-300x169.jpg 300w, https:\/\/mybonnechance.de\/wp-content\/uploads\/2024\/09\/20240830_160525-768x432.jpg 768w, https:\/\/mybonnechance.de\/wp-content\/uploads\/2024\/09\/20240830_160525-1536x864.jpg 1536w, https:\/\/mybonnechance.de\/wp-content\/uploads\/2024\/09\/20240830_160525-2048x1152.jpg 2048w\" sizes=\"auto, (max-width: 767px) 89vw, (max-width: 1000px) 54vw, (max-width: 1071px) 543px, 580px\" \/><\/figure>\n<\/figure>\n\n\n\n<figure class=\"wp-block-gallery has-nested-images columns-default is-cropped wp-block-gallery-3 is-layout-flex wp-block-gallery-is-layout-flex\">\n<figure class=\"wp-block-image size-large\"><img loading=\"lazy\" decoding=\"async\" width=\"1024\" height=\"576\" data-id=\"9675\" src=\"https:\/\/mybonnechance.de\/wp-content\/uploads\/2024\/09\/20240830_162054-1024x576.jpg\" alt=\"\" class=\"wp-image-9675\" srcset=\"https:\/\/mybonnechance.de\/wp-content\/uploads\/2024\/09\/20240830_162054-1024x576.jpg 1024w, https:\/\/mybonnechance.de\/wp-content\/uploads\/2024\/09\/20240830_162054-300x169.jpg 300w, https:\/\/mybonnechance.de\/wp-content\/uploads\/2024\/09\/20240830_162054-768x432.jpg 768w, https:\/\/mybonnechance.de\/wp-content\/uploads\/2024\/09\/20240830_162054-1536x864.jpg 1536w, https:\/\/mybonnechance.de\/wp-content\/uploads\/2024\/09\/20240830_162054-2048x1152.jpg 2048w\" sizes=\"auto, (max-width: 767px) 89vw, (max-width: 1000px) 54vw, (max-width: 1071px) 543px, 580px\" \/><\/figure>\n\n\n\n<figure class=\"wp-block-image size-large\"><img loading=\"lazy\" decoding=\"async\" width=\"1024\" height=\"576\" data-id=\"9674\" src=\"https:\/\/mybonnechance.de\/wp-content\/uploads\/2024\/09\/20240830_162119-1024x576.jpg\" alt=\"\" class=\"wp-image-9674\" srcset=\"https:\/\/mybonnechance.de\/wp-content\/uploads\/2024\/09\/20240830_162119-1024x576.jpg 1024w, https:\/\/mybonnechance.de\/wp-content\/uploads\/2024\/09\/20240830_162119-300x169.jpg 300w, https:\/\/mybonnechance.de\/wp-content\/uploads\/2024\/09\/20240830_162119-768x432.jpg 768w, https:\/\/mybonnechance.de\/wp-content\/uploads\/2024\/09\/20240830_162119-1536x864.jpg 1536w, https:\/\/mybonnechance.de\/wp-content\/uploads\/2024\/09\/20240830_162119-2048x1152.jpg 2048w\" sizes=\"auto, (max-width: 767px) 89vw, (max-width: 1000px) 54vw, (max-width: 1071px) 543px, 580px\" \/><\/figure>\n<\/figure>\n\n\n\n<p class=\"has-vivid-red-color has-text-color has-link-color wp-elements-0b53363a7907ac5bc236da7a6aab168e\"><strong><em>Hafengeb\u00fchr:  1,70 p.M. incl. Strom,  1.- pro 100 l Wasser,  Wlan, Stadt und Einkaufsm\u00f6glichkeiten <\/em><\/strong><br><\/p>\n\n\n","protected":false},"excerpt":{"rendered":"<p>Tag 117, Freitag 30. August Burg, Anleger &#8211; Haldersleben, Sportboothafen32,6km &#8211; 1 Schleuse (2,5 h Wartezeit) &#8211; 6 Std. Fahrzeit Nach dem hei\u00dfesten Tag gestern erfolgt heute ein ziemlicher drastischer Temperatursturz von ca. 14 Grad. Zudem ist es bew\u00f6lkt und der Wind nimmt auch zu.Leider vertr\u00f6stet uns der Schleusenw\u00e4rtern zweimal an der 15 m hohen &hellip; <\/p>\n<p class=\"link-more\"><a href=\"https:\/\/mybonnechance.de\/?page_id=9633\" class=\"more-link\"><span class=\"screen-reader-text\">\u201e2024-66 Haldensleben\u201c<\/span> weiterlesen<\/a><\/p>\n","protected":false},"author":1,"featured_media":0,"parent":0,"menu_order":0,"comment_status":"closed","ping_status":"closed","template":"","meta":{"ngg_post_thumbnail":0,"footnotes":""},"class_list":["post-9633","page","type-page","status-publish","hentry"],"_links":{"self":[{"href":"https:\/\/mybonnechance.de\/index.php?rest_route=\/wp\/v2\/pages\/9633","targetHints":{"allow":["GET"]}}],"collection":[{"href":"https:\/\/mybonnechance.de\/index.php?rest_route=\/wp\/v2\/pages"}],"about":[{"href":"https:\/\/mybonnechance.de\/index.php?rest_route=\/wp\/v2\/types\/page"}],"author":[{"embeddable":true,"href":"https:\/\/mybonnechance.de\/index.php?rest_route=\/wp\/v2\/users\/1"}],"replies":[{"embeddable":true,"href":"https:\/\/mybonnechance.de\/index.php?rest_route=%2Fwp%2Fv2%2Fcomments&post=9633"}],"version-history":[{"count":5,"href":"https:\/\/mybonnechance.de\/index.php?rest_route=\/wp\/v2\/pages\/9633\/revisions"}],"predecessor-version":[{"id":9679,"href":"https:\/\/mybonnechance.de\/index.php?rest_route=\/wp\/v2\/pages\/9633\/revisions\/9679"}],"wp:attachment":[{"href":"https:\/\/mybonnechance.de\/index.php?rest_route=%2Fwp%2Fv2%2Fmedia&parent=9633"}],"curies":[{"name":"wp","href":"https:\/\/api.w.org\/{rel}","templated":true}]}}