{"id":9637,"date":"2024-09-12T12:06:44","date_gmt":"2024-09-12T12:06:44","guid":{"rendered":"https:\/\/mybonnechance.de\/?page_id=9637"},"modified":"2024-09-18T10:40:57","modified_gmt":"2024-09-18T10:40:57","slug":"2024-68-wolfsburg","status":"publish","type":"page","link":"https:\/\/mybonnechance.de\/?page_id=9637","title":{"rendered":"2024-68 Wolfsburg"},"content":{"rendered":"\n<p><strong>Tag  120, Montag 02. September          R\u00fchen, Anleger<\/strong> <strong>&#8211; Wolfsburg, Motoryachtclub<\/strong><br>9,3 km &#8211; 1,1 Std. Fahrzeit <br>Schwups sind wir wieder in <strong>Wolfsburg <\/strong>und fahren in den <strong>Wolfsburger Motorclub<\/strong> rein. <\/p>\n\n\n\n<p class=\"has-vivid-red-color has-text-color has-link-color wp-elements-57bb648915b9cc40de19ebe60e7f038a\"><strong><em>Hafengeb\u00fchr:  2.- p.M incl. Wasser, 1 KW Strom = 0,50.- \/  Wlan, Hafenrestaurant<\/em><\/strong>,<strong><em> in der<\/em><\/strong> <strong><em>N\u00e4he<\/em><\/strong> <strong>Allersee mit go\u00dfem Sandstrand<\/strong><br><strong>1 x EDEKA ca. 1,7 km + 1 x EDEKA in der City Galerie i.d. Stadt ca. 2,5 km<\/strong><\/p>\n\n\n\n<p><br>Wir machen uns auf zur <strong>Automobilstadt VW<\/strong>. Das Wetter meint es wieder gut mit uns, warm \u2013 aber nicht zu hei\u00df. Von der Ausstellung bei den einzelnen Autopavillons bin ich ein bisschen entt\u00e4uscht, denn bei jedem H\u00e4ndler stehen mehr Autos als hier. Daf\u00fcr sind hier die Innovativsten und Sondermodelle ausgestellt. Wirklich interessant ist das Museum, wo noch Modelle aus den Anf\u00e4ngen des&nbsp; 19. Jh. ausgestellt sind.<\/p>\n\n\n\n<figure class=\"wp-block-gallery has-nested-images columns-default is-cropped wp-block-gallery-1 is-layout-flex wp-block-gallery-is-layout-flex\">\n<figure class=\"wp-block-image size-large\"><img loading=\"lazy\" decoding=\"async\" width=\"1024\" height=\"576\" data-id=\"9692\" src=\"https:\/\/mybonnechance.de\/wp-content\/uploads\/2024\/09\/20240902_120202-1024x576.jpg\" alt=\"\" class=\"wp-image-9692\" srcset=\"https:\/\/mybonnechance.de\/wp-content\/uploads\/2024\/09\/20240902_120202-1024x576.jpg 1024w, https:\/\/mybonnechance.de\/wp-content\/uploads\/2024\/09\/20240902_120202-300x169.jpg 300w, https:\/\/mybonnechance.de\/wp-content\/uploads\/2024\/09\/20240902_120202-768x432.jpg 768w, https:\/\/mybonnechance.de\/wp-content\/uploads\/2024\/09\/20240902_120202-1536x864.jpg 1536w, https:\/\/mybonnechance.de\/wp-content\/uploads\/2024\/09\/20240902_120202-2048x1152.jpg 2048w\" sizes=\"auto, (max-width: 767px) 89vw, (max-width: 1000px) 54vw, (max-width: 1071px) 543px, 580px\" \/><\/figure>\n\n\n\n<figure class=\"wp-block-image size-large\"><img loading=\"lazy\" decoding=\"async\" width=\"1024\" height=\"576\" data-id=\"9693\" src=\"https:\/\/mybonnechance.de\/wp-content\/uploads\/2024\/09\/20240902_131830-1024x576.jpg\" alt=\"\" class=\"wp-image-9693\" srcset=\"https:\/\/mybonnechance.de\/wp-content\/uploads\/2024\/09\/20240902_131830-1024x576.jpg 1024w, https:\/\/mybonnechance.de\/wp-content\/uploads\/2024\/09\/20240902_131830-300x169.jpg 300w, https:\/\/mybonnechance.de\/wp-content\/uploads\/2024\/09\/20240902_131830-768x432.jpg 768w, https:\/\/mybonnechance.de\/wp-content\/uploads\/2024\/09\/20240902_131830-1536x864.jpg 1536w, https:\/\/mybonnechance.de\/wp-content\/uploads\/2024\/09\/20240902_131830-2048x1152.jpg 2048w\" sizes=\"auto, (max-width: 767px) 89vw, (max-width: 1000px) 54vw, (max-width: 1071px) 543px, 580px\" \/><\/figure>\n\n\n\n<figure class=\"wp-block-image size-large\"><img loading=\"lazy\" decoding=\"async\" width=\"1024\" height=\"576\" data-id=\"9694\" src=\"https:\/\/mybonnechance.de\/wp-content\/uploads\/2024\/09\/20240902_140338-1024x576.jpg\" alt=\"\" class=\"wp-image-9694\" srcset=\"https:\/\/mybonnechance.de\/wp-content\/uploads\/2024\/09\/20240902_140338-1024x576.jpg 1024w, https:\/\/mybonnechance.de\/wp-content\/uploads\/2024\/09\/20240902_140338-300x169.jpg 300w, https:\/\/mybonnechance.de\/wp-content\/uploads\/2024\/09\/20240902_140338-768x432.jpg 768w, https:\/\/mybonnechance.de\/wp-content\/uploads\/2024\/09\/20240902_140338-1536x864.jpg 1536w, https:\/\/mybonnechance.de\/wp-content\/uploads\/2024\/09\/20240902_140338-2048x1152.jpg 2048w\" sizes=\"auto, (max-width: 767px) 89vw, (max-width: 1000px) 54vw, (max-width: 1071px) 543px, 580px\" \/><\/figure>\n<\/figure>\n\n\n\n<figure class=\"wp-block-gallery has-nested-images columns-default is-cropped wp-block-gallery-2 is-layout-flex wp-block-gallery-is-layout-flex\">\n<figure class=\"wp-block-image size-large\"><img loading=\"lazy\" decoding=\"async\" width=\"1024\" height=\"576\" data-id=\"9696\" src=\"https:\/\/mybonnechance.de\/wp-content\/uploads\/2024\/09\/20240902_140916-1024x576.jpg\" alt=\"\" class=\"wp-image-9696\" srcset=\"https:\/\/mybonnechance.de\/wp-content\/uploads\/2024\/09\/20240902_140916-1024x576.jpg 1024w, https:\/\/mybonnechance.de\/wp-content\/uploads\/2024\/09\/20240902_140916-300x169.jpg 300w, https:\/\/mybonnechance.de\/wp-content\/uploads\/2024\/09\/20240902_140916-768x432.jpg 768w, https:\/\/mybonnechance.de\/wp-content\/uploads\/2024\/09\/20240902_140916-1536x864.jpg 1536w, https:\/\/mybonnechance.de\/wp-content\/uploads\/2024\/09\/20240902_140916-2048x1152.jpg 2048w\" sizes=\"auto, (max-width: 767px) 89vw, (max-width: 1000px) 54vw, (max-width: 1071px) 543px, 580px\" \/><\/figure>\n\n\n\n<figure class=\"wp-block-image size-large\"><img loading=\"lazy\" decoding=\"async\" width=\"1024\" height=\"576\" data-id=\"9695\" src=\"https:\/\/mybonnechance.de\/wp-content\/uploads\/2024\/09\/20240902_140952-1024x576.jpg\" alt=\"\" class=\"wp-image-9695\" srcset=\"https:\/\/mybonnechance.de\/wp-content\/uploads\/2024\/09\/20240902_140952-1024x576.jpg 1024w, https:\/\/mybonnechance.de\/wp-content\/uploads\/2024\/09\/20240902_140952-300x169.jpg 300w, https:\/\/mybonnechance.de\/wp-content\/uploads\/2024\/09\/20240902_140952-768x432.jpg 768w, https:\/\/mybonnechance.de\/wp-content\/uploads\/2024\/09\/20240902_140952-1536x864.jpg 1536w, https:\/\/mybonnechance.de\/wp-content\/uploads\/2024\/09\/20240902_140952-2048x1152.jpg 2048w\" sizes=\"auto, (max-width: 767px) 89vw, (max-width: 1000px) 54vw, (max-width: 1071px) 543px, 580px\" \/><\/figure>\n\n\n\n<figure class=\"wp-block-image size-large\"><img loading=\"lazy\" decoding=\"async\" width=\"1024\" height=\"576\" data-id=\"9697\" src=\"https:\/\/mybonnechance.de\/wp-content\/uploads\/2024\/09\/20240902_141118-1024x576.jpg\" alt=\"\" class=\"wp-image-9697\" srcset=\"https:\/\/mybonnechance.de\/wp-content\/uploads\/2024\/09\/20240902_141118-1024x576.jpg 1024w, https:\/\/mybonnechance.de\/wp-content\/uploads\/2024\/09\/20240902_141118-300x169.jpg 300w, https:\/\/mybonnechance.de\/wp-content\/uploads\/2024\/09\/20240902_141118-768x432.jpg 768w, https:\/\/mybonnechance.de\/wp-content\/uploads\/2024\/09\/20240902_141118-1536x864.jpg 1536w, https:\/\/mybonnechance.de\/wp-content\/uploads\/2024\/09\/20240902_141118-2048x1152.jpg 2048w\" sizes=\"auto, (max-width: 767px) 89vw, (max-width: 1000px) 54vw, (max-width: 1071px) 543px, 580px\" \/><\/figure>\n<\/figure>\n\n\n\n<p><strong>Tag  121, Dienstag 03. September<\/strong><br>Heute Morgen ist es ziemlich bew\u00f6lkt und als wir mit dem Rad zum <strong>Schloss<\/strong> kommen, f\u00e4ngt es auch noch an zu regnen. Das Heimatmuseum, was mich interessiert h\u00e4tte, macht wegen Personalmangels erst ab Donnerstag auf. <\/p>\n\n\n\n<figure class=\"wp-block-gallery has-nested-images columns-default is-cropped wp-block-gallery-3 is-layout-flex wp-block-gallery-is-layout-flex\">\n<figure class=\"wp-block-image size-large\"><img loading=\"lazy\" decoding=\"async\" width=\"576\" height=\"1024\" data-id=\"9707\" src=\"https:\/\/mybonnechance.de\/wp-content\/uploads\/2024\/09\/20240903_103634-576x1024.jpg\" alt=\"\" class=\"wp-image-9707\" srcset=\"https:\/\/mybonnechance.de\/wp-content\/uploads\/2024\/09\/20240903_103634-576x1024.jpg 576w, https:\/\/mybonnechance.de\/wp-content\/uploads\/2024\/09\/20240903_103634-169x300.jpg 169w, https:\/\/mybonnechance.de\/wp-content\/uploads\/2024\/09\/20240903_103634-768x1365.jpg 768w, https:\/\/mybonnechance.de\/wp-content\/uploads\/2024\/09\/20240903_103634-864x1536.jpg 864w, https:\/\/mybonnechance.de\/wp-content\/uploads\/2024\/09\/20240903_103634-1152x2048.jpg 1152w, https:\/\/mybonnechance.de\/wp-content\/uploads\/2024\/09\/20240903_103634-scaled.jpg 1440w\" sizes=\"auto, (max-width: 576px) 100vw, 576px\" \/><\/figure>\n\n\n\n<figure class=\"wp-block-image size-large\"><img loading=\"lazy\" decoding=\"async\" width=\"576\" height=\"1024\" data-id=\"9706\" src=\"https:\/\/mybonnechance.de\/wp-content\/uploads\/2024\/09\/20240903_104621-576x1024.jpg\" alt=\"\" class=\"wp-image-9706\" srcset=\"https:\/\/mybonnechance.de\/wp-content\/uploads\/2024\/09\/20240903_104621-576x1024.jpg 576w, https:\/\/mybonnechance.de\/wp-content\/uploads\/2024\/09\/20240903_104621-169x300.jpg 169w, https:\/\/mybonnechance.de\/wp-content\/uploads\/2024\/09\/20240903_104621-768x1365.jpg 768w, https:\/\/mybonnechance.de\/wp-content\/uploads\/2024\/09\/20240903_104621-864x1536.jpg 864w, https:\/\/mybonnechance.de\/wp-content\/uploads\/2024\/09\/20240903_104621-1152x2048.jpg 1152w, https:\/\/mybonnechance.de\/wp-content\/uploads\/2024\/09\/20240903_104621-scaled.jpg 1440w\" sizes=\"auto, (max-width: 576px) 100vw, 576px\" \/><\/figure>\n\n\n\n<figure class=\"wp-block-image size-large\"><img loading=\"lazy\" decoding=\"async\" width=\"576\" height=\"1024\" data-id=\"9705\" src=\"https:\/\/mybonnechance.de\/wp-content\/uploads\/2024\/09\/20240903_103518-576x1024.jpg\" alt=\"\" class=\"wp-image-9705\" srcset=\"https:\/\/mybonnechance.de\/wp-content\/uploads\/2024\/09\/20240903_103518-576x1024.jpg 576w, https:\/\/mybonnechance.de\/wp-content\/uploads\/2024\/09\/20240903_103518-169x300.jpg 169w, https:\/\/mybonnechance.de\/wp-content\/uploads\/2024\/09\/20240903_103518-768x1365.jpg 768w, https:\/\/mybonnechance.de\/wp-content\/uploads\/2024\/09\/20240903_103518-864x1536.jpg 864w, https:\/\/mybonnechance.de\/wp-content\/uploads\/2024\/09\/20240903_103518-1152x2048.jpg 1152w, https:\/\/mybonnechance.de\/wp-content\/uploads\/2024\/09\/20240903_103518-scaled.jpg 1440w\" sizes=\"auto, (max-width: 576px) 100vw, 576px\" \/><\/figure>\n<\/figure>\n\n\n\n<p>Dann geht es weiter zur City und auf einmal rei\u00dft der Himmel auf und es wird hei\u00df, um nicht zu sagen zu hei\u00df. Die Stadt ist halt eine moderne Fu\u00dfg\u00e4ngerzone, nichts Besonderes. Zum Shoppen gut \u2013 aber sonst nicht lohnend.<br>Nach kurzer Erholungspause an Bord ist es mir zu hei\u00df, also mit dem Rad ab zum <strong>Allersee<\/strong> und Strand und Schwimmen genie\u00dfen. Es ist echt herrlich hier. Da muss man gar nicht in Urlaub fahren, wenn die Sonne scheint.<\/p>\n\n\n\n<figure class=\"wp-block-gallery has-nested-images columns-default is-cropped wp-block-gallery-4 is-layout-flex wp-block-gallery-is-layout-flex\">\n<figure class=\"wp-block-image size-large\"><img loading=\"lazy\" decoding=\"async\" width=\"768\" height=\"1024\" data-id=\"9708\" src=\"https:\/\/mybonnechance.de\/wp-content\/uploads\/2024\/09\/20240903_171252-768x1024.jpg\" alt=\"\" class=\"wp-image-9708\" srcset=\"https:\/\/mybonnechance.de\/wp-content\/uploads\/2024\/09\/20240903_171252-768x1024.jpg 768w, https:\/\/mybonnechance.de\/wp-content\/uploads\/2024\/09\/20240903_171252-225x300.jpg 225w, https:\/\/mybonnechance.de\/wp-content\/uploads\/2024\/09\/20240903_171252-1152x1536.jpg 1152w, https:\/\/mybonnechance.de\/wp-content\/uploads\/2024\/09\/20240903_171252-1536x2048.jpg 1536w, https:\/\/mybonnechance.de\/wp-content\/uploads\/2024\/09\/20240903_171252-scaled.jpg 1920w\" sizes=\"auto, (max-width: 767px) 89vw, (max-width: 1000px) 54vw, (max-width: 1071px) 543px, 580px\" \/><\/figure>\n\n\n\n<figure class=\"wp-block-image size-large\"><img loading=\"lazy\" decoding=\"async\" width=\"576\" height=\"1024\" data-id=\"9709\" src=\"https:\/\/mybonnechance.de\/wp-content\/uploads\/2024\/09\/20240903_175207-576x1024.jpg\" alt=\"\" class=\"wp-image-9709\" srcset=\"https:\/\/mybonnechance.de\/wp-content\/uploads\/2024\/09\/20240903_175207-576x1024.jpg 576w, https:\/\/mybonnechance.de\/wp-content\/uploads\/2024\/09\/20240903_175207-169x300.jpg 169w, https:\/\/mybonnechance.de\/wp-content\/uploads\/2024\/09\/20240903_175207-768x1365.jpg 768w, https:\/\/mybonnechance.de\/wp-content\/uploads\/2024\/09\/20240903_175207-864x1536.jpg 864w, https:\/\/mybonnechance.de\/wp-content\/uploads\/2024\/09\/20240903_175207-1152x2048.jpg 1152w, https:\/\/mybonnechance.de\/wp-content\/uploads\/2024\/09\/20240903_175207-scaled.jpg 1440w\" sizes=\"auto, (max-width: 576px) 100vw, 576px\" \/><\/figure>\n\n\n\n<figure class=\"wp-block-image size-large\"><img loading=\"lazy\" decoding=\"async\" width=\"576\" height=\"1024\" data-id=\"9710\" src=\"https:\/\/mybonnechance.de\/wp-content\/uploads\/2024\/09\/20240903_175217-576x1024.jpg\" alt=\"\" class=\"wp-image-9710\" srcset=\"https:\/\/mybonnechance.de\/wp-content\/uploads\/2024\/09\/20240903_175217-576x1024.jpg 576w, https:\/\/mybonnechance.de\/wp-content\/uploads\/2024\/09\/20240903_175217-169x300.jpg 169w, https:\/\/mybonnechance.de\/wp-content\/uploads\/2024\/09\/20240903_175217-768x1365.jpg 768w, https:\/\/mybonnechance.de\/wp-content\/uploads\/2024\/09\/20240903_175217-864x1536.jpg 864w, https:\/\/mybonnechance.de\/wp-content\/uploads\/2024\/09\/20240903_175217-1152x2048.jpg 1152w, https:\/\/mybonnechance.de\/wp-content\/uploads\/2024\/09\/20240903_175217-scaled.jpg 1440w\" sizes=\"auto, (max-width: 576px) 100vw, 576px\" \/><\/figure>\n<\/figure>\n\n\n","protected":false},"excerpt":{"rendered":"<p>Tag 120, Montag 02. September R\u00fchen, Anleger &#8211; Wolfsburg, Motoryachtclub9,3 km &#8211; 1,1 Std. Fahrzeit Schwups sind wir wieder in Wolfsburg und fahren in den Wolfsburger Motorclub rein. Hafengeb\u00fchr: 2.- p.M incl. Wasser, 1 KW Strom = 0,50.- \/ Wlan, Hafenrestaurant, in der N\u00e4he Allersee mit go\u00dfem Sandstrand1 x EDEKA ca. 1,7 km + 1 &hellip; <\/p>\n<p class=\"link-more\"><a href=\"https:\/\/mybonnechance.de\/?page_id=9637\" class=\"more-link\"><span class=\"screen-reader-text\">\u201e2024-68 Wolfsburg\u201c<\/span> weiterlesen<\/a><\/p>\n","protected":false},"author":1,"featured_media":0,"parent":0,"menu_order":0,"comment_status":"closed","ping_status":"closed","template":"","meta":{"ngg_post_thumbnail":0,"footnotes":""},"class_list":["post-9637","page","type-page","status-publish","hentry"],"_links":{"self":[{"href":"https:\/\/mybonnechance.de\/index.php?rest_route=\/wp\/v2\/pages\/9637","targetHints":{"allow":["GET"]}}],"collection":[{"href":"https:\/\/mybonnechance.de\/index.php?rest_route=\/wp\/v2\/pages"}],"about":[{"href":"https:\/\/mybonnechance.de\/index.php?rest_route=\/wp\/v2\/types\/page"}],"author":[{"embeddable":true,"href":"https:\/\/mybonnechance.de\/index.php?rest_route=\/wp\/v2\/users\/1"}],"replies":[{"embeddable":true,"href":"https:\/\/mybonnechance.de\/index.php?rest_route=%2Fwp%2Fv2%2Fcomments&post=9637"}],"version-history":[{"count":7,"href":"https:\/\/mybonnechance.de\/index.php?rest_route=\/wp\/v2\/pages\/9637\/revisions"}],"predecessor-version":[{"id":9777,"href":"https:\/\/mybonnechance.de\/index.php?rest_route=\/wp\/v2\/pages\/9637\/revisions\/9777"}],"wp:attachment":[{"href":"https:\/\/mybonnechance.de\/index.php?rest_route=%2Fwp%2Fv2%2Fmedia&parent=9637"}],"curies":[{"name":"wp","href":"https:\/\/api.w.org\/{rel}","templated":true}]}}