{"id":9640,"date":"2024-09-12T12:07:14","date_gmt":"2024-09-12T12:07:14","guid":{"rendered":"https:\/\/mybonnechance.de\/?page_id=9640"},"modified":"2024-09-13T08:04:46","modified_gmt":"2024-09-13T08:04:46","slug":"2024-69-liegeplatz-braunschweig","status":"publish","type":"page","link":"https:\/\/mybonnechance.de\/?page_id=9640","title":{"rendered":"2024-69  Braunschweig"},"content":{"rendered":"\n<p><strong>Tag  122, Mittwoch 04. September          Wolfsburg, Motoryachtclub<\/strong> <strong>&#8211; Braunschweig, Anleger<\/strong><br>26,8 km &#8211; 1 Schleuse -3,6 Std. Fahrzeit <br>Gegen Mittag sind wir an dem <strong>IKEA Anleger in Braunschweig<\/strong>. Unterwegs hatten wir ein bisschen Stress in der <strong>Schleuse Suhlfeld.<\/strong> Ein Flusskreuzfahrtschiff, die Victor Hugo, lag vor uns und wir hatten so eine ung\u00fcnstige Stelle zum Festmachen, dass wir mit unserem Anker immer bedrohlich nah auf das Heck der Victor Hugo zusteuerten. Stephan usste immer wieder R\u00fcckw\u00e4rtsgang einlegen und uns zu gleich zur\u00fcck an die Schleusenmauer dr\u00fccken. Dann war das noch eine ziemlich hohe Schleuse und der Vorgang dauerte 25 min. Aber nichts passiert und alle waren froh, da wir da heil wieder rausgekommen sind.<br><\/p>\n\n\n\n<figure class=\"wp-block-gallery has-nested-images columns-default is-cropped wp-block-gallery-1 is-layout-flex wp-block-gallery-is-layout-flex\">\n<figure class=\"wp-block-image size-large\"><img loading=\"lazy\" decoding=\"async\" width=\"576\" height=\"1024\" data-id=\"9721\" src=\"https:\/\/mybonnechance.de\/wp-content\/uploads\/2024\/09\/20240904_104022-1-576x1024.jpg\" alt=\"\" class=\"wp-image-9721\" srcset=\"https:\/\/mybonnechance.de\/wp-content\/uploads\/2024\/09\/20240904_104022-1-576x1024.jpg 576w, https:\/\/mybonnechance.de\/wp-content\/uploads\/2024\/09\/20240904_104022-1-169x300.jpg 169w, https:\/\/mybonnechance.de\/wp-content\/uploads\/2024\/09\/20240904_104022-1-768x1365.jpg 768w, https:\/\/mybonnechance.de\/wp-content\/uploads\/2024\/09\/20240904_104022-1-864x1536.jpg 864w, https:\/\/mybonnechance.de\/wp-content\/uploads\/2024\/09\/20240904_104022-1-1152x2048.jpg 1152w, https:\/\/mybonnechance.de\/wp-content\/uploads\/2024\/09\/20240904_104022-1-scaled.jpg 1440w\" sizes=\"auto, (max-width: 576px) 100vw, 576px\" \/><\/figure>\n\n\n\n<figure class=\"wp-block-image size-large\"><img loading=\"lazy\" decoding=\"async\" width=\"576\" height=\"1024\" data-id=\"9718\" src=\"https:\/\/mybonnechance.de\/wp-content\/uploads\/2024\/09\/20240904_104032-576x1024.jpg\" alt=\"\" class=\"wp-image-9718\" srcset=\"https:\/\/mybonnechance.de\/wp-content\/uploads\/2024\/09\/20240904_104032-576x1024.jpg 576w, https:\/\/mybonnechance.de\/wp-content\/uploads\/2024\/09\/20240904_104032-169x300.jpg 169w, https:\/\/mybonnechance.de\/wp-content\/uploads\/2024\/09\/20240904_104032-768x1365.jpg 768w, https:\/\/mybonnechance.de\/wp-content\/uploads\/2024\/09\/20240904_104032-864x1536.jpg 864w, https:\/\/mybonnechance.de\/wp-content\/uploads\/2024\/09\/20240904_104032-1152x2048.jpg 1152w, https:\/\/mybonnechance.de\/wp-content\/uploads\/2024\/09\/20240904_104032-scaled.jpg 1440w\" sizes=\"auto, (max-width: 576px) 100vw, 576px\" \/><\/figure>\n<\/figure>\n\n\n","protected":false},"excerpt":{"rendered":"<p>Tag 122, Mittwoch 04. September Wolfsburg, Motoryachtclub &#8211; Braunschweig, Anleger26,8 km &#8211; 1 Schleuse -3,6 Std. Fahrzeit Gegen Mittag sind wir an dem IKEA Anleger in Braunschweig. Unterwegs hatten wir ein bisschen Stress in der Schleuse Suhlfeld. Ein Flusskreuzfahrtschiff, die Victor Hugo, lag vor uns und wir hatten so eine ung\u00fcnstige Stelle zum Festmachen, dass &hellip; <\/p>\n<p class=\"link-more\"><a href=\"https:\/\/mybonnechance.de\/?page_id=9640\" class=\"more-link\"><span class=\"screen-reader-text\">\u201e2024-69  Braunschweig\u201c<\/span> weiterlesen<\/a><\/p>\n","protected":false},"author":1,"featured_media":0,"parent":0,"menu_order":0,"comment_status":"closed","ping_status":"closed","template":"","meta":{"ngg_post_thumbnail":0,"footnotes":""},"class_list":["post-9640","page","type-page","status-publish","hentry"],"_links":{"self":[{"href":"https:\/\/mybonnechance.de\/index.php?rest_route=\/wp\/v2\/pages\/9640","targetHints":{"allow":["GET"]}}],"collection":[{"href":"https:\/\/mybonnechance.de\/index.php?rest_route=\/wp\/v2\/pages"}],"about":[{"href":"https:\/\/mybonnechance.de\/index.php?rest_route=\/wp\/v2\/types\/page"}],"author":[{"embeddable":true,"href":"https:\/\/mybonnechance.de\/index.php?rest_route=\/wp\/v2\/users\/1"}],"replies":[{"embeddable":true,"href":"https:\/\/mybonnechance.de\/index.php?rest_route=%2Fwp%2Fv2%2Fcomments&post=9640"}],"version-history":[{"count":3,"href":"https:\/\/mybonnechance.de\/index.php?rest_route=\/wp\/v2\/pages\/9640\/revisions"}],"predecessor-version":[{"id":9722,"href":"https:\/\/mybonnechance.de\/index.php?rest_route=\/wp\/v2\/pages\/9640\/revisions\/9722"}],"wp:attachment":[{"href":"https:\/\/mybonnechance.de\/index.php?rest_route=%2Fwp%2Fv2%2Fmedia&parent=9640"}],"curies":[{"name":"wp","href":"https:\/\/api.w.org\/{rel}","templated":true}]}}