{"id":9642,"date":"2024-09-12T12:07:33","date_gmt":"2024-09-12T12:07:33","guid":{"rendered":"https:\/\/mybonnechance.de\/?page_id=9642"},"modified":"2024-09-17T16:33:35","modified_gmt":"2024-09-17T16:33:35","slug":"2024-70-liegeplatz-hannover","status":"publish","type":"page","link":"https:\/\/mybonnechance.de\/?page_id=9642","title":{"rendered":"2024-70 Hannover"},"content":{"rendered":"\n<p><strong>Tag  123, Donnerstag 05. September         Braunschweig, Anleger &#8211; Hannover, Anleger<\/strong><br>58,8 km &#8211; 1 Schleuse -8,5 Std. Fahrzeit (incl. 2:15 Wartezeit a.d. Schleuse)<br>Heute kommen uns sehr viel Berufer entgegen \u2013 in unsere Richtung kaum. Sportschiffe sehen wir noch seltener. Vom \u201eH\u00f6llenschlund\u201c an der <strong>Schleuse Anderten<\/strong> kann man nichts sehen, wir schleusen ja von oben nach unten. Es ist Hochbetrieb an der Schleuse, zum Gl\u00fcck mehr auf der anderen Seite als auf unserer. Trotzdem d\u00fcrfen wir erst bei der 3. Schleusung und nach fast 2,5 Std. miteinfahren. Mit uns f\u00e4hrt noch ein sehr schickes weiteres Sportboot und dann gib es echt Gaudi. Alles, was man sonst so mal in mehreren Urlauben erlebt, bekommen wir in geballter Ladung zu sehen. Diese Schleuse funktioniert nur mit Mittelpoller oder aber es ist mindestens 15 m gro\u00df f\u00fcr Vor und Achterleine. Traf jetzt beides nicht zu und so mussten sie sich mit Vor und Achterleine begn\u00fcgen. 1. Vorm Schleusenvorgang Fender verloren \u2013 Stephan fischt ihn heraus. 2. Achterleine soll von oben bis unten reichen, da man, einmal am Poller festgemacht, an die anderen hinten nicht mehr dran kommt. Also mindestens 4 Leinen verknotet in der Hoffnung, da\u00df sie auch wieder durchrutschen. 3. Die Vorderleine bleibt h\u00e4ngen \u2013 kein Messer. Stephan gibt durchs Funken stoppen der Schleuse durch. Es gibt keinen gewaltigen Krach, dann hat sich das Boot durchs Gewicht selbst befreit. Scheuerleiste wohl im T\u00f6rtchen. 4. Der n\u00e4chste Fender geht \u00fcber Bord und wird vom Berufer aufgefischt. 5. Achterleine trotzdem nicht lang genug \u2013 keine Leine mehr \u2013 Seil bleibt auch prompt an den Knoten h\u00e4ngen. Schiff h\u00e4ngt nur noch an der Vorderleine und dreht sich komplett mit dem Heck zur Schleuse. Praktisch, jetzt kann die Frau dort weiter belegen = einmal querliegen in der Schleuse = Alptraum jedes Skippers. Bei denen passt es wenigstens von der L\u00e4nge &#x1f60a;<\/p>\n\n\n\n<figure class=\"wp-block-image size-large\"><img loading=\"lazy\" decoding=\"async\" width=\"1024\" height=\"576\" src=\"https:\/\/mybonnechance.de\/wp-content\/uploads\/2024\/09\/20240905_152806-1024x576.jpg\" alt=\"\" class=\"wp-image-9724\" srcset=\"https:\/\/mybonnechance.de\/wp-content\/uploads\/2024\/09\/20240905_152806-1024x576.jpg 1024w, https:\/\/mybonnechance.de\/wp-content\/uploads\/2024\/09\/20240905_152806-300x169.jpg 300w, https:\/\/mybonnechance.de\/wp-content\/uploads\/2024\/09\/20240905_152806-768x432.jpg 768w, https:\/\/mybonnechance.de\/wp-content\/uploads\/2024\/09\/20240905_152806-1536x864.jpg 1536w, https:\/\/mybonnechance.de\/wp-content\/uploads\/2024\/09\/20240905_152806-2048x1152.jpg 2048w\" sizes=\"auto, (max-width: 767px) 89vw, (max-width: 1000px) 54vw, (max-width: 1071px) 543px, 580px\" \/><\/figure>\n\n\n\n<p><br>Wir fahren noch bis zum Anleger hinter dem Yachtclub Hannover. Es ist wieder zu hei\u00df um fr\u00fch liegen zu bleiben.<\/p>\n\n\n","protected":false},"excerpt":{"rendered":"<p>Tag 123, Donnerstag 05. September Braunschweig, Anleger &#8211; Hannover, Anleger58,8 km &#8211; 1 Schleuse -8,5 Std. Fahrzeit (incl. 2:15 Wartezeit a.d. Schleuse)Heute kommen uns sehr viel Berufer entgegen \u2013 in unsere Richtung kaum. Sportschiffe sehen wir noch seltener. Vom \u201eH\u00f6llenschlund\u201c an der Schleuse Anderten kann man nichts sehen, wir schleusen ja von oben nach unten. &hellip; <\/p>\n<p class=\"link-more\"><a href=\"https:\/\/mybonnechance.de\/?page_id=9642\" class=\"more-link\"><span class=\"screen-reader-text\">\u201e2024-70 Hannover\u201c<\/span> weiterlesen<\/a><\/p>\n","protected":false},"author":1,"featured_media":0,"parent":0,"menu_order":0,"comment_status":"closed","ping_status":"closed","template":"","meta":{"ngg_post_thumbnail":0,"footnotes":""},"class_list":["post-9642","page","type-page","status-publish","hentry"],"_links":{"self":[{"href":"https:\/\/mybonnechance.de\/index.php?rest_route=\/wp\/v2\/pages\/9642","targetHints":{"allow":["GET"]}}],"collection":[{"href":"https:\/\/mybonnechance.de\/index.php?rest_route=\/wp\/v2\/pages"}],"about":[{"href":"https:\/\/mybonnechance.de\/index.php?rest_route=\/wp\/v2\/types\/page"}],"author":[{"embeddable":true,"href":"https:\/\/mybonnechance.de\/index.php?rest_route=\/wp\/v2\/users\/1"}],"replies":[{"embeddable":true,"href":"https:\/\/mybonnechance.de\/index.php?rest_route=%2Fwp%2Fv2%2Fcomments&post=9642"}],"version-history":[{"count":3,"href":"https:\/\/mybonnechance.de\/index.php?rest_route=\/wp\/v2\/pages\/9642\/revisions"}],"predecessor-version":[{"id":9759,"href":"https:\/\/mybonnechance.de\/index.php?rest_route=\/wp\/v2\/pages\/9642\/revisions\/9759"}],"wp:attachment":[{"href":"https:\/\/mybonnechance.de\/index.php?rest_route=%2Fwp%2Fv2%2Fmedia&parent=9642"}],"curies":[{"name":"wp","href":"https:\/\/api.w.org\/{rel}","templated":true}]}}