{"id":9644,"date":"2024-09-12T12:08:26","date_gmt":"2024-09-12T12:08:26","guid":{"rendered":"https:\/\/mybonnechance.de\/?page_id=9644"},"modified":"2024-09-17T16:04:33","modified_gmt":"2024-09-17T16:04:33","slug":"2024-71-liegeplatz-minden","status":"publish","type":"page","link":"https:\/\/mybonnechance.de\/?page_id=9644","title":{"rendered":"2024-71 Minden"},"content":{"rendered":"\n<p><strong>Tag  123, Donnerstag 05. September         Hannover, Anleger<\/strong> <strong>&#8211; Minden, Anleger<\/strong><br>61,8 km &#8211; 1 Schleuse &#8211; 5,75 Std. Fahrzeit<br>Die Nacht war etwas unruhig und kurz. Der Anleger liegt nicht ganz so ruhig und gegen\u00fcber ist mal wieder eine Metallfabrik, die bereits um 6 Uhr Arbeitsbeginn hat &#x2639;.<br>Heute habe ich den Eindruck, der MLK ist doch sehr langweilig und es zieht sich hin. Das Wetter bleibt weiterhin sch\u00f6n, im Gegensatz zu NL. Da hat es schon den Temperatursturz gegeben. Aber je weiter wir westw\u00e4rts fahren um so k\u00fchler werden die Temperaturen auch bei uns. Ab diesem Streckenabschnitt gibt es wieder jede Menge Anleger am Kanal. In <strong>Minden<\/strong> entscheiden wir liegenzubleiben. Es ist zwar erst kurz nach 14 Uhr, aber ich habe Lust mir mal Minden anzuschauen. Das haben wir bei der Hinfahrt nicht gemacht. Wir nehmen diesmal auch den Liegeplatz auf der anderen Kanalseite \u2013 dort kommt man besser mit den Fahrr\u00e4dern raus (KM 99).<br>Minden ist \u00fcberraschenderweise eine sch\u00f6ne gem\u00fctliche Stadt. Nat\u00fcrlich darf das obligatorische Eis nicht fehlen. In diesem Sommer habe ich soviel Eis gegessen wie in den letzten Jahren zusammen nicht.<\/p>\n\n\n\n<figure class=\"wp-block-gallery has-nested-images columns-default is-cropped wp-block-gallery-1 is-layout-flex wp-block-gallery-is-layout-flex\">\n<figure class=\"wp-block-image size-large\"><img loading=\"lazy\" decoding=\"async\" width=\"576\" height=\"1024\" data-id=\"9747\" src=\"https:\/\/mybonnechance.de\/wp-content\/uploads\/2024\/09\/20240906_160619-576x1024.jpg\" alt=\"\" class=\"wp-image-9747\" srcset=\"https:\/\/mybonnechance.de\/wp-content\/uploads\/2024\/09\/20240906_160619-576x1024.jpg 576w, https:\/\/mybonnechance.de\/wp-content\/uploads\/2024\/09\/20240906_160619-169x300.jpg 169w, https:\/\/mybonnechance.de\/wp-content\/uploads\/2024\/09\/20240906_160619-768x1365.jpg 768w, https:\/\/mybonnechance.de\/wp-content\/uploads\/2024\/09\/20240906_160619-864x1536.jpg 864w, https:\/\/mybonnechance.de\/wp-content\/uploads\/2024\/09\/20240906_160619-1152x2048.jpg 1152w, https:\/\/mybonnechance.de\/wp-content\/uploads\/2024\/09\/20240906_160619-scaled.jpg 1440w\" sizes=\"auto, (max-width: 576px) 100vw, 576px\" \/><\/figure>\n\n\n\n<figure class=\"wp-block-image size-large\"><img loading=\"lazy\" decoding=\"async\" width=\"576\" height=\"1024\" data-id=\"9748\" src=\"https:\/\/mybonnechance.de\/wp-content\/uploads\/2024\/09\/20240906_163008-576x1024.jpg\" alt=\"\" class=\"wp-image-9748\" srcset=\"https:\/\/mybonnechance.de\/wp-content\/uploads\/2024\/09\/20240906_163008-576x1024.jpg 576w, https:\/\/mybonnechance.de\/wp-content\/uploads\/2024\/09\/20240906_163008-169x300.jpg 169w, https:\/\/mybonnechance.de\/wp-content\/uploads\/2024\/09\/20240906_163008-768x1365.jpg 768w, https:\/\/mybonnechance.de\/wp-content\/uploads\/2024\/09\/20240906_163008-864x1536.jpg 864w, https:\/\/mybonnechance.de\/wp-content\/uploads\/2024\/09\/20240906_163008-1152x2048.jpg 1152w, https:\/\/mybonnechance.de\/wp-content\/uploads\/2024\/09\/20240906_163008-scaled.jpg 1440w\" sizes=\"auto, (max-width: 576px) 100vw, 576px\" \/><\/figure>\n\n\n\n<figure class=\"wp-block-image size-large\"><img loading=\"lazy\" decoding=\"async\" width=\"576\" height=\"1024\" data-id=\"9749\" src=\"https:\/\/mybonnechance.de\/wp-content\/uploads\/2024\/09\/20240906_163013-576x1024.jpg\" alt=\"\" class=\"wp-image-9749\" srcset=\"https:\/\/mybonnechance.de\/wp-content\/uploads\/2024\/09\/20240906_163013-576x1024.jpg 576w, https:\/\/mybonnechance.de\/wp-content\/uploads\/2024\/09\/20240906_163013-169x300.jpg 169w, https:\/\/mybonnechance.de\/wp-content\/uploads\/2024\/09\/20240906_163013-768x1365.jpg 768w, https:\/\/mybonnechance.de\/wp-content\/uploads\/2024\/09\/20240906_163013-864x1536.jpg 864w, https:\/\/mybonnechance.de\/wp-content\/uploads\/2024\/09\/20240906_163013-1152x2048.jpg 1152w, https:\/\/mybonnechance.de\/wp-content\/uploads\/2024\/09\/20240906_163013-scaled.jpg 1440w\" sizes=\"auto, (max-width: 576px) 100vw, 576px\" \/><\/figure>\n<\/figure>\n\n\n","protected":false},"excerpt":{"rendered":"<p>Tag 123, Donnerstag 05. September Hannover, Anleger &#8211; Minden, Anleger61,8 km &#8211; 1 Schleuse &#8211; 5,75 Std. FahrzeitDie Nacht war etwas unruhig und kurz. Der Anleger liegt nicht ganz so ruhig und gegen\u00fcber ist mal wieder eine Metallfabrik, die bereits um 6 Uhr Arbeitsbeginn hat &#x2639;.Heute habe ich den Eindruck, der MLK ist doch sehr &hellip; <\/p>\n<p class=\"link-more\"><a href=\"https:\/\/mybonnechance.de\/?page_id=9644\" class=\"more-link\"><span class=\"screen-reader-text\">\u201e2024-71 Minden\u201c<\/span> weiterlesen<\/a><\/p>\n","protected":false},"author":1,"featured_media":0,"parent":0,"menu_order":0,"comment_status":"closed","ping_status":"closed","template":"","meta":{"ngg_post_thumbnail":0,"footnotes":""},"class_list":["post-9644","page","type-page","status-publish","hentry"],"_links":{"self":[{"href":"https:\/\/mybonnechance.de\/index.php?rest_route=\/wp\/v2\/pages\/9644","targetHints":{"allow":["GET"]}}],"collection":[{"href":"https:\/\/mybonnechance.de\/index.php?rest_route=\/wp\/v2\/pages"}],"about":[{"href":"https:\/\/mybonnechance.de\/index.php?rest_route=\/wp\/v2\/types\/page"}],"author":[{"embeddable":true,"href":"https:\/\/mybonnechance.de\/index.php?rest_route=\/wp\/v2\/users\/1"}],"replies":[{"embeddable":true,"href":"https:\/\/mybonnechance.de\/index.php?rest_route=%2Fwp%2Fv2%2Fcomments&post=9644"}],"version-history":[{"count":4,"href":"https:\/\/mybonnechance.de\/index.php?rest_route=\/wp\/v2\/pages\/9644\/revisions"}],"predecessor-version":[{"id":9750,"href":"https:\/\/mybonnechance.de\/index.php?rest_route=\/wp\/v2\/pages\/9644\/revisions\/9750"}],"wp:attachment":[{"href":"https:\/\/mybonnechance.de\/index.php?rest_route=%2Fwp%2Fv2%2Fmedia&parent=9644"}],"curies":[{"name":"wp","href":"https:\/\/api.w.org\/{rel}","templated":true}]}}