{"id":9646,"date":"2024-09-12T12:08:57","date_gmt":"2024-09-12T12:08:57","guid":{"rendered":"https:\/\/mybonnechance.de\/?page_id=9646"},"modified":"2024-09-17T16:31:39","modified_gmt":"2024-09-17T16:31:39","slug":"2024-71-liegeplatz-ostercappeln","status":"publish","type":"page","link":"https:\/\/mybonnechance.de\/?page_id=9646","title":{"rendered":"2024-72 Ostercappeln"},"content":{"rendered":"\n<p><strong>Tag  125, Samstag 07. September          Minden, Anleger<\/strong> <strong>&#8211; Ostercappeln, Anleger<\/strong><br>51,8 km &#8211; 5,1 Std. Fahrzeit<br>Nach anf\u00e4nglicher Bew\u00f6lkung wird es immer w\u00e4rmer. Auf dieser Strecke gibt es auch wieder <strong>reichlich Anleger.<\/strong> Wir teilen diesmal die Strecke etwas anders auf. Auf der Hinfahrt war Stop in der Marina Essen, aber diesmal fahren wir bis zu einem <strong>Anleger in Ostercappel-Veene<\/strong>. Der Anleger liegt in einer Ausbuchtung und so ist man etwas besser gesch\u00fctzt vor den vorbeifahrenden Schiffen. Wir haben uns allerdings nochmal umgelegt: von ganz hinten zum Kanal nach ganz vorne. Hinten war der Schwell doch sehr zu merken. Vorne war es dann in Ordnung. Es wird immer hei\u00dfer, aber ich verzichte aufs Baden, da das Wasser nicht besonders ausieht. Es sind einige Jugendliche hier, denen das nichts auszumacht und die fr\u00f6hlich im Becken rumschwimmen.<br>So weit wir auf Google Maps sehen k\u00f6nnen, gibt es hier keine Stadt \u2013 nur Industrie. Aber daf\u00fcr einen <strong>Freizeitpark mit Schwimmbad<\/strong>. Ich sonne mich mit etwas Wind und kann zum Gl\u00fcck abends duschen. Unser Wasservorrat gibt das auch nach 4 Liegetage her. Es folgen ja noch 3 Tage. Mehr Sorgen macht uns der Strom, denn das Wetter soll ab morgen kippen. Kaum noch Sonne, daf\u00fcr Regen. Mal sehen, ob es klappt, dass wir 2 Tage in M\u00fcnster liegen k\u00f6nnen.<\/p>\n\n\n\n<figure class=\"wp-block-image size-large\"><img loading=\"lazy\" decoding=\"async\" width=\"1024\" height=\"576\" src=\"https:\/\/mybonnechance.de\/wp-content\/uploads\/2024\/09\/20240907_164647-1024x576.jpg\" alt=\"\" class=\"wp-image-9752\" srcset=\"https:\/\/mybonnechance.de\/wp-content\/uploads\/2024\/09\/20240907_164647-1024x576.jpg 1024w, https:\/\/mybonnechance.de\/wp-content\/uploads\/2024\/09\/20240907_164647-300x169.jpg 300w, https:\/\/mybonnechance.de\/wp-content\/uploads\/2024\/09\/20240907_164647-768x432.jpg 768w, https:\/\/mybonnechance.de\/wp-content\/uploads\/2024\/09\/20240907_164647-1536x864.jpg 1536w, https:\/\/mybonnechance.de\/wp-content\/uploads\/2024\/09\/20240907_164647-2048x1152.jpg 2048w\" sizes=\"auto, (max-width: 767px) 89vw, (max-width: 1000px) 54vw, (max-width: 1071px) 543px, 580px\" \/><\/figure>\n\n\n","protected":false},"excerpt":{"rendered":"<p>Tag 125, Samstag 07. September Minden, Anleger &#8211; Ostercappeln, Anleger51,8 km &#8211; 5,1 Std. FahrzeitNach anf\u00e4nglicher Bew\u00f6lkung wird es immer w\u00e4rmer. Auf dieser Strecke gibt es auch wieder reichlich Anleger. Wir teilen diesmal die Strecke etwas anders auf. Auf der Hinfahrt war Stop in der Marina Essen, aber diesmal fahren wir bis zu einem Anleger &hellip; <\/p>\n<p class=\"link-more\"><a href=\"https:\/\/mybonnechance.de\/?page_id=9646\" class=\"more-link\"><span class=\"screen-reader-text\">\u201e2024-72 Ostercappeln\u201c<\/span> weiterlesen<\/a><\/p>\n","protected":false},"author":1,"featured_media":0,"parent":0,"menu_order":0,"comment_status":"closed","ping_status":"closed","template":"","meta":{"ngg_post_thumbnail":0,"footnotes":""},"class_list":["post-9646","page","type-page","status-publish","hentry"],"_links":{"self":[{"href":"https:\/\/mybonnechance.de\/index.php?rest_route=\/wp\/v2\/pages\/9646","targetHints":{"allow":["GET"]}}],"collection":[{"href":"https:\/\/mybonnechance.de\/index.php?rest_route=\/wp\/v2\/pages"}],"about":[{"href":"https:\/\/mybonnechance.de\/index.php?rest_route=\/wp\/v2\/types\/page"}],"author":[{"embeddable":true,"href":"https:\/\/mybonnechance.de\/index.php?rest_route=\/wp\/v2\/users\/1"}],"replies":[{"embeddable":true,"href":"https:\/\/mybonnechance.de\/index.php?rest_route=%2Fwp%2Fv2%2Fcomments&post=9646"}],"version-history":[{"count":8,"href":"https:\/\/mybonnechance.de\/index.php?rest_route=\/wp\/v2\/pages\/9646\/revisions"}],"predecessor-version":[{"id":9757,"href":"https:\/\/mybonnechance.de\/index.php?rest_route=\/wp\/v2\/pages\/9646\/revisions\/9757"}],"wp:attachment":[{"href":"https:\/\/mybonnechance.de\/index.php?rest_route=%2Fwp%2Fv2%2Fmedia&parent=9646"}],"curies":[{"name":"wp","href":"https:\/\/api.w.org\/{rel}","templated":true}]}}