{"id":9648,"date":"2024-09-12T12:09:21","date_gmt":"2024-09-12T12:09:21","guid":{"rendered":"https:\/\/mybonnechance.de\/?page_id=9648"},"modified":"2024-09-17T16:38:38","modified_gmt":"2024-09-17T16:38:38","slug":"2024-72-liegeplatz-doerenthe","status":"publish","type":"page","link":"https:\/\/mybonnechance.de\/?page_id=9648","title":{"rendered":"2024-73 D\u00f6renthe"},"content":{"rendered":"\n<p><strong>Tag  126, Sonntag 08. September          Ostercappeln, Anleger &#8211; D\u00f6renthe, Anleger<\/strong><br>56,4 km &#8211; 5,4 Std. Fahrzeit<br>Im Moment scheint die Wettervorhersage zu stimmen. Es ist stark bew\u00f6lkt und heute Nacht hat es hohe kondensierende Luftfeuchtigkeit gegeben, was in den letzten Tagen so nicht der Fall war. Unsere Duschhandt\u00fccher drau\u00dfen sind nasser als vor dem Duschen. Zum Gl\u00fcck ist das Klima noch etwas warm. Wir hoffen, es wird heute nochmal Sonne geben.<br>Wir haben den doch wirklich langweiligen MLK endlich verlassen und fahren weiter auf dem <strong>DEK <\/strong>und machen uns auf die Suche nach einem sch\u00f6nen Anleger. Mit den letzten beiden Tagen haben wir die Strecke nach M\u00fcnster etwas besser aufgeteilt als auf der Hinfahrt. Da sind wir ja in den Marinas Bad Essen und Recke eingekehrt.<br>Haben uns wieder in einem Rund in die Ecke verkr\u00fcmelt und es ist ganz nett hier. Nebenan sind Pferde und wir sind bei einem Dorf namens D\u00f6renthe gelandet. Da ist aber, laut Google nicht, was nach Dorf aussieht az\u00dfer H\u00e4user..<br><strong>Wir k\u00f6nnten sogar Strom beziehen mittels einer App. <\/strong><\/p>\n\n\n\n<figure class=\"wp-block-gallery has-nested-images columns-default is-cropped wp-block-gallery-1 is-layout-flex wp-block-gallery-is-layout-flex\">\n<figure class=\"wp-block-image size-large\"><img loading=\"lazy\" decoding=\"async\" width=\"576\" height=\"1024\" data-id=\"9762\" src=\"https:\/\/mybonnechance.de\/wp-content\/uploads\/2024\/09\/20240908_163130-576x1024.jpg\" alt=\"\" class=\"wp-image-9762\" srcset=\"https:\/\/mybonnechance.de\/wp-content\/uploads\/2024\/09\/20240908_163130-576x1024.jpg 576w, https:\/\/mybonnechance.de\/wp-content\/uploads\/2024\/09\/20240908_163130-169x300.jpg 169w, https:\/\/mybonnechance.de\/wp-content\/uploads\/2024\/09\/20240908_163130-768x1365.jpg 768w, https:\/\/mybonnechance.de\/wp-content\/uploads\/2024\/09\/20240908_163130-864x1536.jpg 864w, https:\/\/mybonnechance.de\/wp-content\/uploads\/2024\/09\/20240908_163130-1152x2048.jpg 1152w, https:\/\/mybonnechance.de\/wp-content\/uploads\/2024\/09\/20240908_163130-scaled.jpg 1440w\" sizes=\"auto, (max-width: 576px) 100vw, 576px\" \/><\/figure>\n\n\n\n<figure class=\"wp-block-image size-large\"><img loading=\"lazy\" decoding=\"async\" width=\"576\" height=\"1024\" data-id=\"9763\" src=\"https:\/\/mybonnechance.de\/wp-content\/uploads\/2024\/09\/20240908_163640-576x1024.jpg\" alt=\"\" class=\"wp-image-9763\" srcset=\"https:\/\/mybonnechance.de\/wp-content\/uploads\/2024\/09\/20240908_163640-576x1024.jpg 576w, https:\/\/mybonnechance.de\/wp-content\/uploads\/2024\/09\/20240908_163640-169x300.jpg 169w, https:\/\/mybonnechance.de\/wp-content\/uploads\/2024\/09\/20240908_163640-768x1365.jpg 768w, https:\/\/mybonnechance.de\/wp-content\/uploads\/2024\/09\/20240908_163640-864x1536.jpg 864w, https:\/\/mybonnechance.de\/wp-content\/uploads\/2024\/09\/20240908_163640-1152x2048.jpg 1152w, https:\/\/mybonnechance.de\/wp-content\/uploads\/2024\/09\/20240908_163640-scaled.jpg 1440w\" sizes=\"auto, (max-width: 576px) 100vw, 576px\" \/><\/figure>\n<\/figure>\n\n\n","protected":false},"excerpt":{"rendered":"<p>Tag 126, Sonntag 08. September Ostercappeln, Anleger &#8211; D\u00f6renthe, Anleger56,4 km &#8211; 5,4 Std. FahrzeitIm Moment scheint die Wettervorhersage zu stimmen. Es ist stark bew\u00f6lkt und heute Nacht hat es hohe kondensierende Luftfeuchtigkeit gegeben, was in den letzten Tagen so nicht der Fall war. Unsere Duschhandt\u00fccher drau\u00dfen sind nasser als vor dem Duschen. Zum Gl\u00fcck &hellip; <\/p>\n<p class=\"link-more\"><a href=\"https:\/\/mybonnechance.de\/?page_id=9648\" class=\"more-link\"><span class=\"screen-reader-text\">\u201e2024-73 D\u00f6renthe\u201c<\/span> weiterlesen<\/a><\/p>\n","protected":false},"author":1,"featured_media":0,"parent":0,"menu_order":0,"comment_status":"closed","ping_status":"closed","template":"","meta":{"ngg_post_thumbnail":0,"footnotes":""},"class_list":["post-9648","page","type-page","status-publish","hentry"],"_links":{"self":[{"href":"https:\/\/mybonnechance.de\/index.php?rest_route=\/wp\/v2\/pages\/9648","targetHints":{"allow":["GET"]}}],"collection":[{"href":"https:\/\/mybonnechance.de\/index.php?rest_route=\/wp\/v2\/pages"}],"about":[{"href":"https:\/\/mybonnechance.de\/index.php?rest_route=\/wp\/v2\/types\/page"}],"author":[{"embeddable":true,"href":"https:\/\/mybonnechance.de\/index.php?rest_route=\/wp\/v2\/users\/1"}],"replies":[{"embeddable":true,"href":"https:\/\/mybonnechance.de\/index.php?rest_route=%2Fwp%2Fv2%2Fcomments&post=9648"}],"version-history":[{"count":5,"href":"https:\/\/mybonnechance.de\/index.php?rest_route=\/wp\/v2\/pages\/9648\/revisions"}],"predecessor-version":[{"id":9765,"href":"https:\/\/mybonnechance.de\/index.php?rest_route=\/wp\/v2\/pages\/9648\/revisions\/9765"}],"wp:attachment":[{"href":"https:\/\/mybonnechance.de\/index.php?rest_route=%2Fwp%2Fv2%2Fmedia&parent=9648"}],"curies":[{"name":"wp","href":"https:\/\/api.w.org\/{rel}","templated":true}]}}