{"id":9650,"date":"2024-09-12T12:10:03","date_gmt":"2024-09-12T12:10:03","guid":{"rendered":"https:\/\/mybonnechance.de\/?page_id=9650"},"modified":"2024-09-18T10:31:05","modified_gmt":"2024-09-18T10:31:05","slug":"2024-73-muenster","status":"publish","type":"page","link":"https:\/\/mybonnechance.de\/?page_id=9650","title":{"rendered":"2024-74 M\u00fcnster"},"content":{"rendered":"\n<p><strong>Tag  127, Montag 09. September       D\u00f6renthe, Anleger &#8211; M\u00fcnster, Stadthafen<\/strong><br>31,7 km &#8211; 1 Schleuse &#8211; 4,5 Std. Fahrzeit<br>Das Timing unserer Abfahrt hat mit den Durchfahrtszeiten der Engstelle bei Yachthafen Fuestrup geklappt. Wir sind sogar 3 Min. zu fr\u00fch. Das Wetter hat uns heute Morgen das erste Mal mit Fr\u00fchnebel und 14 Grad begr\u00fc\u00dft und das Schiff war so beschlagen, dass wir die erste halbe Std. die T\u00fcren offen lassen mussten, damit es klar wurde.  Nach 1 Std. wurde es dann endlich w\u00e4rme, aber die Sonne konnte sich nicht so richtig durchsetzen. \u00a0Es fing kurz vor M\u00fcnster dann auch noch an zu regnen, h\u00f6rte auf und eine halben Stunde sp\u00e4ter fing es dann richtig an zu sch\u00fctten. Der Sommer-Herbst\u00fcbergang ist etwas sehr abrupt passiert. Ich hoffe sehr, dass es jetzt nicht wirklich so bleibt. Wir liegen am gleichen Platz im Stadthafen von M\u00fcnster wie zu Beginn unserer Reise. Diesmal ist der Hafen allerdings recht voll. <\/p>\n\n\n\n<figure class=\"wp-block-gallery has-nested-images columns-default is-cropped wp-block-gallery-1 is-layout-flex wp-block-gallery-is-layout-flex\">\n<figure class=\"wp-block-image size-large\"><img loading=\"lazy\" decoding=\"async\" width=\"1024\" height=\"576\" data-id=\"9767\" src=\"https:\/\/mybonnechance.de\/wp-content\/uploads\/2024\/09\/20240910_141106-1024x576.jpg\" alt=\"\" class=\"wp-image-9767\" srcset=\"https:\/\/mybonnechance.de\/wp-content\/uploads\/2024\/09\/20240910_141106-1024x576.jpg 1024w, https:\/\/mybonnechance.de\/wp-content\/uploads\/2024\/09\/20240910_141106-300x169.jpg 300w, https:\/\/mybonnechance.de\/wp-content\/uploads\/2024\/09\/20240910_141106-768x432.jpg 768w, https:\/\/mybonnechance.de\/wp-content\/uploads\/2024\/09\/20240910_141106-1536x864.jpg 1536w, https:\/\/mybonnechance.de\/wp-content\/uploads\/2024\/09\/20240910_141106-2048x1152.jpg 2048w\" sizes=\"auto, (max-width: 767px) 89vw, (max-width: 1000px) 54vw, (max-width: 1071px) 543px, 580px\" \/><figcaption class=\"wp-element-caption\"><strong>Schloss M\u00fcnster<\/strong> <strong>von oben<\/strong><\/figcaption><\/figure>\n\n\n\n<figure class=\"wp-block-image size-large\"><img loading=\"lazy\" decoding=\"async\" width=\"1024\" height=\"576\" data-id=\"9772\" src=\"https:\/\/mybonnechance.de\/wp-content\/uploads\/2024\/09\/20240910_161026-1-1024x576.jpg\" alt=\"\" class=\"wp-image-9772\" srcset=\"https:\/\/mybonnechance.de\/wp-content\/uploads\/2024\/09\/20240910_161026-1-1024x576.jpg 1024w, https:\/\/mybonnechance.de\/wp-content\/uploads\/2024\/09\/20240910_161026-1-300x169.jpg 300w, https:\/\/mybonnechance.de\/wp-content\/uploads\/2024\/09\/20240910_161026-1-768x432.jpg 768w, https:\/\/mybonnechance.de\/wp-content\/uploads\/2024\/09\/20240910_161026-1-1536x864.jpg 1536w, https:\/\/mybonnechance.de\/wp-content\/uploads\/2024\/09\/20240910_161026-1-2048x1152.jpg 2048w\" sizes=\"auto, (max-width: 767px) 89vw, (max-width: 1000px) 54vw, (max-width: 1071px) 543px, 580px\" \/><figcaption class=\"wp-element-caption\"><strong>Schloss M\u00fcnster von unten<\/strong><\/figcaption><\/figure>\n<\/figure>\n\n\n\n<figure class=\"wp-block-gallery has-nested-images columns-default is-cropped wp-block-gallery-2 is-layout-flex wp-block-gallery-is-layout-flex\">\n<figure class=\"wp-block-image size-large\"><img loading=\"lazy\" decoding=\"async\" width=\"1024\" height=\"576\" data-id=\"9773\" src=\"https:\/\/mybonnechance.de\/wp-content\/uploads\/2024\/09\/20240910_145548-1-1024x576.jpg\" alt=\"\" class=\"wp-image-9773\" srcset=\"https:\/\/mybonnechance.de\/wp-content\/uploads\/2024\/09\/20240910_145548-1-1024x576.jpg 1024w, https:\/\/mybonnechance.de\/wp-content\/uploads\/2024\/09\/20240910_145548-1-300x169.jpg 300w, https:\/\/mybonnechance.de\/wp-content\/uploads\/2024\/09\/20240910_145548-1-768x432.jpg 768w, https:\/\/mybonnechance.de\/wp-content\/uploads\/2024\/09\/20240910_145548-1-1536x864.jpg 1536w, https:\/\/mybonnechance.de\/wp-content\/uploads\/2024\/09\/20240910_145548-1-2048x1152.jpg 2048w\" sizes=\"auto, (max-width: 767px) 89vw, (max-width: 1000px) 54vw, (max-width: 1071px) 543px, 580px\" \/><figcaption class=\"wp-element-caption\"><strong>Der Dom<\/strong><\/figcaption><\/figure>\n\n\n\n<figure class=\"wp-block-image size-large\"><img loading=\"lazy\" decoding=\"async\" width=\"1024\" height=\"576\" data-id=\"9771\" src=\"https:\/\/mybonnechance.de\/wp-content\/uploads\/2024\/09\/20240910_154050-1-1024x576.jpg\" alt=\"\" class=\"wp-image-9771\" srcset=\"https:\/\/mybonnechance.de\/wp-content\/uploads\/2024\/09\/20240910_154050-1-1024x576.jpg 1024w, https:\/\/mybonnechance.de\/wp-content\/uploads\/2024\/09\/20240910_154050-1-300x169.jpg 300w, https:\/\/mybonnechance.de\/wp-content\/uploads\/2024\/09\/20240910_154050-1-768x432.jpg 768w, https:\/\/mybonnechance.de\/wp-content\/uploads\/2024\/09\/20240910_154050-1-1536x864.jpg 1536w, https:\/\/mybonnechance.de\/wp-content\/uploads\/2024\/09\/20240910_154050-1-2048x1152.jpg 2048w\" sizes=\"auto, (max-width: 767px) 89vw, (max-width: 1000px) 54vw, (max-width: 1071px) 543px, 580px\" \/><figcaption class=\"wp-element-caption\"><strong>Die Weltuhr im Dom<\/strong><\/figcaption><\/figure>\n<\/figure>\n\n\n\n<p><strong>Tag  128, Dienstag 10. September <\/strong><br>Heute Morgen ist es ziemlich bew\u00f6lkt, wir brauchen aber dringend Sonne. Gestern war auch sehr wenig Sonne und nun ist unser Strom nur noch auf 90 KW. Wir bleiben aber noch einen Tag, weil wir heute nochmal Besuch aus der Heimat bekommen.<\/p>\n\n\n\n\n\n<p><br><br><br><br><\/p>\n\n\n","protected":false},"excerpt":{"rendered":"<p>Tag 127, Montag 09. September D\u00f6renthe, Anleger &#8211; M\u00fcnster, Stadthafen31,7 km &#8211; 1 Schleuse &#8211; 4,5 Std. FahrzeitDas Timing unserer Abfahrt hat mit den Durchfahrtszeiten der Engstelle bei Yachthafen Fuestrup geklappt. Wir sind sogar 3 Min. zu fr\u00fch. Das Wetter hat uns heute Morgen das erste Mal mit Fr\u00fchnebel und 14 Grad begr\u00fc\u00dft und das &hellip; <\/p>\n<p class=\"link-more\"><a href=\"https:\/\/mybonnechance.de\/?page_id=9650\" class=\"more-link\"><span class=\"screen-reader-text\">\u201e2024-74 M\u00fcnster\u201c<\/span> weiterlesen<\/a><\/p>\n","protected":false},"author":1,"featured_media":0,"parent":0,"menu_order":0,"comment_status":"closed","ping_status":"closed","template":"","meta":{"ngg_post_thumbnail":0,"footnotes":""},"class_list":["post-9650","page","type-page","status-publish","hentry"],"_links":{"self":[{"href":"https:\/\/mybonnechance.de\/index.php?rest_route=\/wp\/v2\/pages\/9650","targetHints":{"allow":["GET"]}}],"collection":[{"href":"https:\/\/mybonnechance.de\/index.php?rest_route=\/wp\/v2\/pages"}],"about":[{"href":"https:\/\/mybonnechance.de\/index.php?rest_route=\/wp\/v2\/types\/page"}],"author":[{"embeddable":true,"href":"https:\/\/mybonnechance.de\/index.php?rest_route=\/wp\/v2\/users\/1"}],"replies":[{"embeddable":true,"href":"https:\/\/mybonnechance.de\/index.php?rest_route=%2Fwp%2Fv2%2Fcomments&post=9650"}],"version-history":[{"count":3,"href":"https:\/\/mybonnechance.de\/index.php?rest_route=\/wp\/v2\/pages\/9650\/revisions"}],"predecessor-version":[{"id":9774,"href":"https:\/\/mybonnechance.de\/index.php?rest_route=\/wp\/v2\/pages\/9650\/revisions\/9774"}],"wp:attachment":[{"href":"https:\/\/mybonnechance.de\/index.php?rest_route=%2Fwp%2Fv2%2Fmedia&parent=9650"}],"curies":[{"name":"wp","href":"https:\/\/api.w.org\/{rel}","templated":true}]}}