{"id":9654,"date":"2024-09-12T12:10:54","date_gmt":"2024-09-12T12:10:54","guid":{"rendered":"https:\/\/mybonnechance.de\/?page_id=9654"},"modified":"2024-09-18T10:52:23","modified_gmt":"2024-09-18T10:52:23","slug":"2024-75-liegeplatz-dorsten","status":"publish","type":"page","link":"https:\/\/mybonnechance.de\/?page_id=9654","title":{"rendered":"2024-76 Liegeplatz Dorsten"},"content":{"rendered":"\n<p><strong>Tag  130, Donnerstag  12. September       Flaesheim, Marina Flaesheim &#8211; Dorsten, Anleger<\/strong><br>23,1 km &#8211; 2 Schleuse &#8211; 3,75 Std. Fahrzeit<br>Wir haben zwar bei der Abfahrt nur 8 Grad, aber die Sonne scheint und es gef\u00fchlt w\u00e4rmer als gestern Morgen. Ich bin es jetzt gar nicht mehr gew\u00f6hnt so kurze Strecke zu fahren und es w\u00e4re sicher auch noch bis Wesel gegangen, aber dann h\u00e4tten wir 4 Schleusen gehabt. Das Risiko von gro\u00dfer Wartezeit war dann doch zu hoch. Diesmal warten wir an beiden Schleusen nur ca. 20-30 min. <br>Kleiner Rundgang durch die <strong>Stadt Dorsten,<\/strong> aber sobald die Sonne weg ist wird es k\u00fchl. <\/p>\n\n\n\n<figure class=\"wp-block-gallery has-nested-images columns-default is-cropped wp-block-gallery-1 is-layout-flex wp-block-gallery-is-layout-flex\">\n<figure class=\"wp-block-image size-large\"><img loading=\"lazy\" decoding=\"async\" width=\"1024\" height=\"576\" data-id=\"9783\" src=\"https:\/\/mybonnechance.de\/wp-content\/uploads\/2024\/09\/20240912_145606-1024x576.jpg\" alt=\"\" class=\"wp-image-9783\" srcset=\"https:\/\/mybonnechance.de\/wp-content\/uploads\/2024\/09\/20240912_145606-1024x576.jpg 1024w, https:\/\/mybonnechance.de\/wp-content\/uploads\/2024\/09\/20240912_145606-300x169.jpg 300w, https:\/\/mybonnechance.de\/wp-content\/uploads\/2024\/09\/20240912_145606-768x432.jpg 768w, https:\/\/mybonnechance.de\/wp-content\/uploads\/2024\/09\/20240912_145606-1536x864.jpg 1536w, https:\/\/mybonnechance.de\/wp-content\/uploads\/2024\/09\/20240912_145606-2048x1152.jpg 2048w\" sizes=\"auto, (max-width: 767px) 89vw, (max-width: 1000px) 54vw, (max-width: 1071px) 543px, 580px\" \/><\/figure>\n\n\n\n<figure class=\"wp-block-image size-large\"><img loading=\"lazy\" decoding=\"async\" width=\"1024\" height=\"576\" data-id=\"9782\" src=\"https:\/\/mybonnechance.de\/wp-content\/uploads\/2024\/09\/20240912_145613-1024x576.jpg\" alt=\"\" class=\"wp-image-9782\" srcset=\"https:\/\/mybonnechance.de\/wp-content\/uploads\/2024\/09\/20240912_145613-1024x576.jpg 1024w, https:\/\/mybonnechance.de\/wp-content\/uploads\/2024\/09\/20240912_145613-300x169.jpg 300w, https:\/\/mybonnechance.de\/wp-content\/uploads\/2024\/09\/20240912_145613-768x432.jpg 768w, https:\/\/mybonnechance.de\/wp-content\/uploads\/2024\/09\/20240912_145613-1536x864.jpg 1536w, https:\/\/mybonnechance.de\/wp-content\/uploads\/2024\/09\/20240912_145613-2048x1152.jpg 2048w\" sizes=\"auto, (max-width: 767px) 89vw, (max-width: 1000px) 54vw, (max-width: 1071px) 543px, 580px\" \/><\/figure>\n<\/figure>\n\n\n","protected":false},"excerpt":{"rendered":"<p>Tag 130, Donnerstag 12. September Flaesheim, Marina Flaesheim &#8211; Dorsten, Anleger23,1 km &#8211; 2 Schleuse &#8211; 3,75 Std. FahrzeitWir haben zwar bei der Abfahrt nur 8 Grad, aber die Sonne scheint und es gef\u00fchlt w\u00e4rmer als gestern Morgen. Ich bin es jetzt gar nicht mehr gew\u00f6hnt so kurze Strecke zu fahren und es w\u00e4re sicher &hellip; <\/p>\n<p class=\"link-more\"><a href=\"https:\/\/mybonnechance.de\/?page_id=9654\" class=\"more-link\"><span class=\"screen-reader-text\">\u201e2024-76 Liegeplatz Dorsten\u201c<\/span> weiterlesen<\/a><\/p>\n","protected":false},"author":1,"featured_media":0,"parent":0,"menu_order":0,"comment_status":"closed","ping_status":"closed","template":"","meta":{"ngg_post_thumbnail":0,"footnotes":""},"class_list":["post-9654","page","type-page","status-publish","hentry"],"_links":{"self":[{"href":"https:\/\/mybonnechance.de\/index.php?rest_route=\/wp\/v2\/pages\/9654","targetHints":{"allow":["GET"]}}],"collection":[{"href":"https:\/\/mybonnechance.de\/index.php?rest_route=\/wp\/v2\/pages"}],"about":[{"href":"https:\/\/mybonnechance.de\/index.php?rest_route=\/wp\/v2\/types\/page"}],"author":[{"embeddable":true,"href":"https:\/\/mybonnechance.de\/index.php?rest_route=\/wp\/v2\/users\/1"}],"replies":[{"embeddable":true,"href":"https:\/\/mybonnechance.de\/index.php?rest_route=%2Fwp%2Fv2%2Fcomments&post=9654"}],"version-history":[{"count":3,"href":"https:\/\/mybonnechance.de\/index.php?rest_route=\/wp\/v2\/pages\/9654\/revisions"}],"predecessor-version":[{"id":9784,"href":"https:\/\/mybonnechance.de\/index.php?rest_route=\/wp\/v2\/pages\/9654\/revisions\/9784"}],"wp:attachment":[{"href":"https:\/\/mybonnechance.de\/index.php?rest_route=%2Fwp%2Fv2%2Fmedia&parent=9654"}],"curies":[{"name":"wp","href":"https:\/\/api.w.org\/{rel}","templated":true}]}}